{"id":307,"date":"2024-05-07T14:51:35","date_gmt":"2024-05-07T11:51:35","guid":{"rendered":"https:\/\/lojistikmerkezi.net\/?page_id=307"},"modified":"2024-05-07T14:58:42","modified_gmt":"2024-05-07T11:58:42","slug":"havayolu-tasimaciligi","status":"publish","type":"page","link":"https:\/\/lojistikmerkezi.net\/en\/havayolu-tasimaciligi\/","title":{"rendered":"Havayolu Ta\u015f\u0131mac\u0131l\u0131\u011f\u0131"},"content":{"rendered":"<div class=\"wpb-content-wrapper\"><div id=\"banners-row\" class=\"vc_row wpb_row vc_row-fluid\"><div class=\"wpb_column vc_column_container vc_col-sm-12\"><div class=\"vc_column-inner\"><div class=\"wpb_wrapper\">\t\t\t<link rel=\"stylesheet\" id=\"wd-banner-css\" href=\"https:\/\/lojistikmerkezi.net\/wp-content\/themes\/pixel-wp\/css\/parts\/wpb-el-banner.min.css?ver=6.1\" type=\"text\/css\" media=\"all\" \/> \t\t\t\t\t<div class=\"promo-banner-wrapper\">\r\n\t\t\t<div id=\"wd-663a15b4761b9\" class=\"promo-banner banner- banner-hover-none color-scheme-light banner-btn-size-default banner-btn-style-default wd-display-image banner-vr-align-middle banner-hr-align-center\" \r\n\t\t\t\t\t\t\t\t\t\t\t >\r\n\r\n\t\t\t\t<div class=\"main-wrapp-img\">\r\n\t\t\t\t\t\t\t\t\t\t\t<div class=\"banner-image\">\r\n\t\t\t\t\t\t\t<img loading=\"lazy\" decoding=\"async\" width=\"1920\" height=\"600\" src=\"https:\/\/lojistikmerkezi.net\/wp-content\/uploads\/2024\/05\/havayolu-tasimaciligi-slider-gorsel.png\" class=\"promo-banner-image attachment-full\" alt=\"\" title=\"havayolu-tasimaciligi-slider-gorsel\" srcset=\"https:\/\/lojistikmerkezi.net\/wp-content\/uploads\/2024\/05\/havayolu-tasimaciligi-slider-gorsel.png 1920w, https:\/\/lojistikmerkezi.net\/wp-content\/uploads\/2024\/05\/havayolu-tasimaciligi-slider-gorsel-300x94.png 300w, https:\/\/lojistikmerkezi.net\/wp-content\/uploads\/2024\/05\/havayolu-tasimaciligi-slider-gorsel-1024x320.png 1024w, https:\/\/lojistikmerkezi.net\/wp-content\/uploads\/2024\/05\/havayolu-tasimaciligi-slider-gorsel-768x240.png 768w, https:\/\/lojistikmerkezi.net\/wp-content\/uploads\/2024\/05\/havayolu-tasimaciligi-slider-gorsel-1536x480.png 1536w, https:\/\/lojistikmerkezi.net\/wp-content\/uploads\/2024\/05\/havayolu-tasimaciligi-slider-gorsel-18x6.png 18w\" sizes=\"(max-width: 1920px) 100vw, 1920px\" \/>\t\t\t\t\t\t<\/div>\r\n\t\t\t\t\t\t\t\t\t<\/div>\r\n\r\n\t\t\t\t<div class=\"wrapper-content-banner wd-fill  wd-items-middle wd-justify-center\">\r\n\t\t\t\t\t<div class=\"content-banner text-center wd-width-100\">\r\n\t\t\t\t\t\t\t<div class=\"banner-title-wrap banner-title-default\">\r\n\t\t\t\t\t\t\t\t\t\t\t\t\t\t\t\t\t\t\t\t\t\t\t\t\t<\/div>\r\n\t\t\t\t\t\t\t\t\t\t\t\t\t<div class=\"banner-inner set-cont-mb-s reset-last-child wd-fontsize-xs\">\r\n\t\t\t\t\t\t\t\t<\/p>\n<h1 style=\"text-align: center;\">Havayolu Ta\u015f\u0131mac\u0131l\u0131\u011f\u0131<\/h1>\n<p>\n\t\t\t\t\t\t\t<\/div>\r\n\t\t\t\t\t\t\t\t\t\t\t\t\t\t\t\t\t<\/div>\r\n\t\t\t\t<\/div>\r\n\t\t\t\t\t\t\t<\/div>\r\n\t\t<\/div>\r\n\t\t\r\n\t\t<\/div><\/div><\/div><\/div><div id=\"hizmet-content\" class=\"vc_row wpb_row vc_row-fluid\"><div class=\"wpb_column vc_column_container vc_col-sm-12\"><div class=\"vc_column-inner\"><div class=\"wpb_wrapper\">\n\t<div class=\"wpb_text_column wpb_content_element\" >\n\t\t<div class=\"wpb_wrapper\">\n\t\t\t<h2 style=\"text-align: center;\">&#8220;Parsiyel Ta\u015f\u0131mac\u0131l\u0131k Hizmeti: De\u011ferli E\u015fyalar\u0131n G\u00fcvenli Nakliyesi&#8221;<\/h2>\n<p style=\"text-align: center;\">Parsiyel ta\u015f\u0131mac\u0131l\u0131k, \u00f6zellikle k\u00fc\u00e7\u00fck miktarlardaki y\u00fcklerin bir araya getirilerek ayn\u0131 g\u00fczergahta ta\u015f\u0131nmas\u0131n\u0131 sa\u011flayan bir lojistik \u00e7\u00f6z\u00fcm\u00fcd\u00fcr. Bu hizmet, genellikle g\u00f6nderici taraf\u0131ndan \u00f6deme yap\u0131lan ve ta\u015f\u0131ma i\u015flemini ger\u00e7ekle\u015ftiren nakliye firmalar\u0131 taraf\u0131ndan organize edilen bir sistemdir. Parsiyel ta\u015f\u0131mac\u0131l\u0131k, k\u00fc\u00e7\u00fck i\u015fletmeler, bireyler veya k\u00fc\u00e7\u00fck \u00f6l\u00e7ekli y\u00fck g\u00f6nderenler i\u00e7in ideal bir se\u00e7enek olarak \u00f6ne \u00e7\u0131kar.<\/p>\n<p style=\"text-align: center;\">Parsiyel ta\u015f\u0131mac\u0131l\u0131k, genellikle b\u00fcy\u00fck y\u00fckler ta\u015f\u0131yan kamyonlar veya konteynerlerin bo\u015f kalan k\u0131s\u0131mlar\u0131n\u0131n k\u00fc\u00e7\u00fck g\u00f6nderilerle doldurulmas\u0131 anlam\u0131na gelir. Bu, g\u00f6ndericilere y\u00fcksek maliyetlerden ka\u00e7\u0131nma ve ayn\u0131 rotadaki di\u011fer g\u00f6ndericilerle y\u00fcklerini birle\u015ftirme f\u0131rsat\u0131 sa\u011flar. Bu \u015fekilde, ta\u015f\u0131mac\u0131l\u0131k maliyeti daha ekonomik hale gelir ve lojistik verimlilik artar.<\/p>\n<p style=\"text-align: center;\">Parsiyel ta\u015f\u0131mac\u0131l\u0131k hizmetleri genellikle \u00e7e\u015fitli sekt\u00f6rlerde kullan\u0131l\u0131r. \u00d6rne\u011fin, k\u00fc\u00e7\u00fck i\u015fletmeler \u00fcr\u00fcnlerini m\u00fc\u015fterilere ula\u015ft\u0131rmak i\u00e7in parsiyel ta\u015f\u0131mac\u0131l\u0131k hizmetlerinden yararlanabilirler. Ayr\u0131ca, bireylerin ev e\u015fyalar\u0131n\u0131 yeni bir yere ta\u015f\u0131rken veya e\u015fyalar\u0131n\u0131 depodan al\u0131rken de parsiyel ta\u015f\u0131mac\u0131l\u0131k hizmetleri tercih edilebilir.<\/p>\n<p style=\"text-align: center;\">Bu hizmet, de\u011ferli e\u015fyalar\u0131n g\u00fcvenli ta\u015f\u0131nmas\u0131n\u0131 sa\u011flama a\u00e7\u0131s\u0131ndan da \u00f6nemlidir. Nakliye firmalar\u0131 genellikle profesyonel ekiplerle \u00e7al\u0131\u015f\u0131r ve e\u015fyalar\u0131n g\u00fcvenli\u011fi i\u00e7in gerekli \u00f6nlemleri al\u0131rlar. Hassas, k\u0131r\u0131labilir veya \u00f6zel koruma gerektiren e\u015fyalar\u0131n ta\u015f\u0131nmas\u0131nda, bu hizmet, dikkatli paketleme, \u00f6zel ta\u015f\u0131ma ko\u015fullar\u0131 ve deneyimli personel arac\u0131l\u0131\u011f\u0131yla e\u015fyalar\u0131n zarar g\u00f6rmesini en aza indirmeyi hedefler.<\/p>\n<p style=\"text-align: center;\">Parsiyel ta\u015f\u0131mac\u0131l\u0131k, ayn\u0131 zamanda \u00e7evre dostu bir se\u00e7enek de olabilir. \u00c7\u00fcnk\u00fc bo\u015fta kalan nakliye kapasitesinin dolmas\u0131yla, ayn\u0131 g\u00fczergahta daha az ara\u00e7 trafi\u011fi olu\u015fabilir. Bu da ta\u015f\u0131mac\u0131l\u0131k s\u00fcrecinin \u00e7evresel etkilerini azaltabilir.<\/p>\n<p style=\"text-align: center;\">M\u00fc\u015fteriler i\u00e7in \u00f6nemli bir fakt\u00f6r de, parsiyel ta\u015f\u0131mac\u0131l\u0131k hizmetlerinin genellikle esneklik sunmas\u0131d\u0131r. Y\u00fcklerin belirli bir zaman diliminde veya belli bir b\u00f6lgede teslim edilmesi gerekiyorsa, parsiyel ta\u015f\u0131mac\u0131l\u0131k bu gereksinimlere cevap verebilir.<\/p>\n<p style=\"text-align: center;\">Sonu\u00e7 olarak, parsiyel ta\u015f\u0131mac\u0131l\u0131k hizmeti, k\u00fc\u00e7\u00fck miktarlardaki y\u00fcklerin g\u00fcvenli, ekonomik ve verimli bir \u015fekilde ta\u015f\u0131nmas\u0131n\u0131 sa\u011flar. Hem i\u015fletmeler hem de bireyler i\u00e7in avantajl\u0131 olan bu hizmet, nakliye sekt\u00f6r\u00fcnde \u00f6nemli bir yer tutar ve lojistik s\u00fcre\u00e7lerin optimize edilmesine katk\u0131da bulunur.<\/p>\n\n\t\t<\/div>\n\t<\/div>\n<\/div><\/div><\/div><\/div><div id=\"form\" class=\"vc_row wpb_row vc_row-fluid\"><div class=\"wpb_column vc_column_container vc_col-sm-12\"><div class=\"vc_column-inner\"><div class=\"wpb_wrapper\">\n\t<div class=\"wpb_text_column wpb_content_element\" >\n\t\t<div class=\"wpb_wrapper\">\n\t\t\t<h5 id=\"brxe-elmvah\" class=\"brxe-heading main__sub-title\" style=\"text-align: center;\">B\u0130ZE ULA\u015eIN<\/h5>\n<h2 id=\"brxe-gscczu\" class=\"brxe-heading main__title\" style=\"text-align: center;\">\u0130LET\u0130\u015e\u0130ME GE\u00c7EL\u0130M!<\/h2>\n\n\t\t<\/div>\n\t<\/div>\n\n<div class=\"wpcf7 no-js\" id=\"wpcf7-f8-o1\" lang=\"tr-TR\" dir=\"ltr\">\n<div class=\"screen-reader-response\"><p role=\"status\" aria-live=\"polite\" aria-atomic=\"true\"><\/p> <ul><\/ul><\/div>\n<form action=\"\/en\/wp-json\/wp\/v2\/pages\/307#wpcf7-f8-o1\" method=\"post\" class=\"wpcf7-form init\" aria-label=\"\u0130leti\u015fim Formu\" novalidate=\"novalidate\" data-status=\"init\" data-trp-original-action=\"\/en\/wp-json\/wp\/v2\/pages\/307#wpcf7-f8-o1\">\n<div style=\"display: none;\">\n<input type=\"hidden\" name=\"_wpcf7\" value=\"8\" \/>\n<input type=\"hidden\" name=\"_wpcf7_version\" value=\"5.9.8\" \/>\n<input type=\"hidden\" name=\"_wpcf7_locale\" value=\"tr_TR\" \/>\n<input type=\"hidden\" name=\"_wpcf7_unit_tag\" value=\"wpcf7-f8-o1\" \/>\n<input type=\"hidden\" name=\"_wpcf7_container_post\" value=\"0\" \/>\n<input type=\"hidden\" name=\"_wpcf7_posted_data_hash\" value=\"\" \/>\n<\/div>\n<p><label> Your name<br \/>\n<span class=\"wpcf7-form-control-wrap\" data-name=\"your-name\"><input size=\"40\" maxlength=\"400\" class=\"wpcf7-form-control wpcf7-text wpcf7-validates-as-required\" autocomplete=\"name\" aria-required=\"true\" aria-invalid=\"false\" value=\"\" type=\"text\" name=\"your-name\" \/><\/span> <\/label>\n<\/p>\n<p><label> Your email<br \/>\n<span class=\"wpcf7-form-control-wrap\" data-name=\"your-email\"><input size=\"40\" maxlength=\"400\" class=\"wpcf7-form-control wpcf7-email wpcf7-validates-as-required wpcf7-text wpcf7-validates-as-email\" autocomplete=\"email\" aria-required=\"true\" aria-invalid=\"false\" value=\"\" type=\"email\" name=\"your-email\" \/><\/span> <\/label>\n<\/p>\n<p><label> Subject<br \/>\n<span class=\"wpcf7-form-control-wrap\" data-name=\"your-subject\"><input size=\"40\" maxlength=\"400\" class=\"wpcf7-form-control wpcf7-text wpcf7-validates-as-required\" aria-required=\"true\" aria-invalid=\"false\" value=\"\" type=\"text\" name=\"your-subject\" \/><\/span> <\/label>\n<\/p>\n<p><label> Your message (optional)<br \/>\n<span class=\"wpcf7-form-control-wrap\" data-name=\"your-message\"><textarea cols=\"40\" rows=\"10\" maxlength=\"2000\" class=\"wpcf7-form-control wpcf7-textarea\" aria-invalid=\"false\" name=\"your-message\"><\/textarea><\/span> <\/label>\n<\/p>\n<p><input class=\"wpcf7-form-control wpcf7-submit has-spinner\" type=\"submit\" value=\"Submit\" \/>\n<\/p><div class=\"wpcf7-response-output\" aria-hidden=\"true\"><\/div>\n<input type=\"hidden\" name=\"trp-form-language\" value=\"en\"\/><\/form>\n<\/div>\n<\/div><\/div><\/div><\/div>\n<\/div>","protected":false},"excerpt":{"rendered":"Havayolu Ta\u015f\u0131mac\u0131l\u0131\u011f\u0131 \"Parsiyel Ta\u015f\u0131mac\u0131l\u0131k Hizmeti: De\u011ferli E\u015fyalar\u0131n G\u00fcvenli Nakliyesi\" Parsiyel ta\u015f\u0131mac\u0131l\u0131k, \u00f6zellikle k\u00fc\u00e7\u00fck miktarlardaki y\u00fcklerin bir araya getirilerek ayn\u0131 g\u00fczergahta","protected":false},"author":1,"featured_media":0,"parent":0,"menu_order":0,"comment_status":"closed","ping_status":"closed","template":"","meta":{"footnotes":""},"yoast_head":"<!-- This site is optimized with the Yoast SEO plugin v23.0 - https:\/\/yoast.com\/wordpress\/plugins\/seo\/ -->\n<title>Havayolu Ta\u015f\u0131mac\u0131l\u0131\u011f\u0131 - Lojistik Merkezi<\/title>\n<meta name=\"robots\" content=\"index, follow, max-snippet:-1, max-image-preview:large, max-video-preview:-1\" \/>\n<link rel=\"canonical\" href=\"https:\/\/lojistikmerkezi.net\/en\/havayolu-tasimaciligi\/\" \/>\n<meta property=\"og:locale\" content=\"en_US\" \/>\n<meta property=\"og:type\" content=\"article\" \/>\n<meta property=\"og:title\" content=\"Havayolu Ta\u015f\u0131mac\u0131l\u0131\u011f\u0131 - Lojistik Merkezi\" \/>\n<meta property=\"og:url\" content=\"https:\/\/lojistikmerkezi.net\/en\/havayolu-tasimaciligi\/\" \/>\n<meta property=\"og:site_name\" content=\"Lojistik Merkezi\" \/>\n<meta property=\"article:modified_time\" content=\"2024-05-07T11:58:42+00:00\" \/>\n<meta property=\"og:image\" content=\"https:\/\/lojistikmerkezi.net\/wp-content\/uploads\/2024\/04\/lojistik-merkezi-seo-logo-1.jpg\" \/>\n\t<meta property=\"og:image:width\" content=\"1200\" \/>\n\t<meta property=\"og:image:height\" content=\"675\" \/>\n\t<meta property=\"og:image:type\" content=\"image\/jpeg\" \/>\n<meta name=\"twitter:card\" content=\"summary_large_image\" \/>\n<meta name=\"twitter:label1\" content=\"Est. reading time\" \/>\n\t<meta name=\"twitter:data1\" content=\"3 minutes\" \/>\n<script type=\"application\/ld+json\" class=\"yoast-schema-graph\">{\"@context\":\"https:\/\/schema.org\",\"@graph\":[{\"@type\":\"WebPage\",\"@id\":\"https:\/\/lojistikmerkezi.net\/havayolu-tasimaciligi\/\",\"url\":\"https:\/\/lojistikmerkezi.net\/havayolu-tasimaciligi\/\",\"name\":\"Havayolu Ta\u015f\u0131mac\u0131l\u0131\u011f\u0131 - Lojistik Merkezi\",\"isPartOf\":{\"@id\":\"https:\/\/lojistikmerkezi.net\/#website\"},\"datePublished\":\"2024-05-07T11:51:35+00:00\",\"dateModified\":\"2024-05-07T11:58:42+00:00\",\"breadcrumb\":{\"@id\":\"https:\/\/lojistikmerkezi.net\/havayolu-tasimaciligi\/#breadcrumb\"},\"inLanguage\":\"en-US\",\"potentialAction\":[{\"@type\":\"ReadAction\",\"target\":[\"https:\/\/lojistikmerkezi.net\/havayolu-tasimaciligi\/\"]}]},{\"@type\":\"BreadcrumbList\",\"@id\":\"https:\/\/lojistikmerkezi.net\/havayolu-tasimaciligi\/#breadcrumb\",\"itemListElement\":[{\"@type\":\"ListItem\",\"position\":1,\"name\":\"Anasayfa\",\"item\":\"https:\/\/lojistikmerkezi.net\/\"},{\"@type\":\"ListItem\",\"position\":2,\"name\":\"Havayolu Ta\u015f\u0131mac\u0131l\u0131\u011f\u0131\"}]},{\"@type\":\"WebSite\",\"@id\":\"https:\/\/lojistikmerkezi.net\/#website\",\"url\":\"https:\/\/lojistikmerkezi.net\/\",\"name\":\"Lojistik Merkezi\",\"description\":\"Kargo mu var? Lojisti\u011fini bize b\u0131rak!\",\"publisher\":{\"@id\":\"https:\/\/lojistikmerkezi.net\/#organization\"},\"alternateName\":\"Lojistik Merkezi | ETC Lojistik\",\"potentialAction\":[{\"@type\":\"SearchAction\",\"target\":{\"@type\":\"EntryPoint\",\"urlTemplate\":\"https:\/\/lojistikmerkezi.net\/?s={search_term_string}\"},\"query-input\":\"required name=search_term_string\"}],\"inLanguage\":\"en-US\"},{\"@type\":\"Organization\",\"@id\":\"https:\/\/lojistikmerkezi.net\/#organization\",\"name\":\"Lojistik Merkezi\",\"alternateName\":\"ETC Lojistik\",\"url\":\"https:\/\/lojistikmerkezi.net\/\",\"logo\":{\"@type\":\"ImageObject\",\"inLanguage\":\"en-US\",\"@id\":\"https:\/\/lojistikmerkezi.net\/#\/schema\/logo\/image\/\",\"url\":\"https:\/\/lojistikmerkezi.net\/wp-content\/uploads\/2024\/04\/lojistik-merkezi-seo-logo-2.jpg\",\"contentUrl\":\"https:\/\/lojistikmerkezi.net\/wp-content\/uploads\/2024\/04\/lojistik-merkezi-seo-logo-2.jpg\",\"width\":696,\"height\":696,\"caption\":\"Lojistik Merkezi\"},\"image\":{\"@id\":\"https:\/\/lojistikmerkezi.net\/#\/schema\/logo\/image\/\"},\"sameAs\":[\"https:\/\/www.instagram.com\/avrupaparsiyellojistik\/\"]}]}<\/script>\n<!-- \/ Yoast SEO plugin. -->","yoast_head_json":{"title":"Havayolu Ta\u015f\u0131mac\u0131l\u0131\u011f\u0131 - Lojistik Merkezi","robots":{"index":"index","follow":"follow","max-snippet":"max-snippet:-1","max-image-preview":"max-image-preview:large","max-video-preview":"max-video-preview:-1"},"canonical":"https:\/\/lojistikmerkezi.net\/en\/havayolu-tasimaciligi\/","og_locale":"en_US","og_type":"article","og_title":"Havayolu Ta\u015f\u0131mac\u0131l\u0131\u011f\u0131 - Lojistik Merkezi","og_url":"https:\/\/lojistikmerkezi.net\/en\/havayolu-tasimaciligi\/","og_site_name":"Lojistik Merkezi","article_modified_time":"2024-05-07T11:58:42+00:00","og_image":[{"width":1200,"height":675,"url":"https:\/\/lojistikmerkezi.net\/wp-content\/uploads\/2024\/04\/lojistik-merkezi-seo-logo-1.jpg","type":"image\/jpeg"}],"twitter_card":"summary_large_image","twitter_misc":{"Est. reading time":"3 minutes"},"schema":{"@context":"https:\/\/schema.org","@graph":[{"@type":"WebPage","@id":"https:\/\/lojistikmerkezi.net\/havayolu-tasimaciligi\/","url":"https:\/\/lojistikmerkezi.net\/havayolu-tasimaciligi\/","name":"Havayolu Ta\u015f\u0131mac\u0131l\u0131\u011f\u0131 - Lojistik Merkezi","isPartOf":{"@id":"https:\/\/lojistikmerkezi.net\/#website"},"datePublished":"2024-05-07T11:51:35+00:00","dateModified":"2024-05-07T11:58:42+00:00","breadcrumb":{"@id":"https:\/\/lojistikmerkezi.net\/havayolu-tasimaciligi\/#breadcrumb"},"inLanguage":"en-US","potentialAction":[{"@type":"ReadAction","target":["https:\/\/lojistikmerkezi.net\/havayolu-tasimaciligi\/"]}]},{"@type":"BreadcrumbList","@id":"https:\/\/lojistikmerkezi.net\/havayolu-tasimaciligi\/#breadcrumb","itemListElement":[{"@type":"ListItem","position":1,"name":"Anasayfa","item":"https:\/\/lojistikmerkezi.net\/"},{"@type":"ListItem","position":2,"name":"Havayolu Ta\u015f\u0131mac\u0131l\u0131\u011f\u0131"}]},{"@type":"WebSite","@id":"https:\/\/lojistikmerkezi.net\/#website","url":"https:\/\/lojistikmerkezi.net\/","name":"Lojistik Merkezi","description":"Kargo mu var? Lojisti\u011fini bize b\u0131rak!","publisher":{"@id":"https:\/\/lojistikmerkezi.net\/#organization"},"alternateName":"Lojistik Merkezi | ETC Lojistik","potentialAction":[{"@type":"SearchAction","target":{"@type":"EntryPoint","urlTemplate":"https:\/\/lojistikmerkezi.net\/?s={search_term_string}"},"query-input":"required name=search_term_string"}],"inLanguage":"en-US"},{"@type":"Organization","@id":"https:\/\/lojistikmerkezi.net\/#organization","name":"Lojistik Merkezi","alternateName":"ETC Lojistik","url":"https:\/\/lojistikmerkezi.net\/","logo":{"@type":"ImageObject","inLanguage":"en-US","@id":"https:\/\/lojistikmerkezi.net\/#\/schema\/logo\/image\/","url":"https:\/\/lojistikmerkezi.net\/wp-content\/uploads\/2024\/04\/lojistik-merkezi-seo-logo-2.jpg","contentUrl":"https:\/\/lojistikmerkezi.net\/wp-content\/uploads\/2024\/04\/lojistik-merkezi-seo-logo-2.jpg","width":696,"height":696,"caption":"Lojistik Merkezi"},"image":{"@id":"https:\/\/lojistikmerkezi.net\/#\/schema\/logo\/image\/"},"sameAs":["https:\/\/www.instagram.com\/avrupaparsiyellojistik\/"]}]}},"_links":{"self":[{"href":"https:\/\/lojistikmerkezi.net\/en\/wp-json\/wp\/v2\/pages\/307"}],"collection":[{"href":"https:\/\/lojistikmerkezi.net\/en\/wp-json\/wp\/v2\/pages"}],"about":[{"href":"https:\/\/lojistikmerkezi.net\/en\/wp-json\/wp\/v2\/types\/page"}],"author":[{"embeddable":true,"href":"https:\/\/lojistikmerkezi.net\/en\/wp-json\/wp\/v2\/users\/1"}],"replies":[{"embeddable":true,"href":"https:\/\/lojistikmerkezi.net\/en\/wp-json\/wp\/v2\/comments?post=307"}],"version-history":[{"count":2,"href":"https:\/\/lojistikmerkezi.net\/en\/wp-json\/wp\/v2\/pages\/307\/revisions"}],"predecessor-version":[{"id":313,"href":"https:\/\/lojistikmerkezi.net\/en\/wp-json\/wp\/v2\/pages\/307\/revisions\/313"}],"wp:attachment":[{"href":"https:\/\/lojistikmerkezi.net\/en\/wp-json\/wp\/v2\/media?parent=307"}],"curies":[{"name":"wp","href":"https:\/\/api.w.org\/{rel}","templated":true}]}}