{"id":309,"date":"2024-05-07T14:52:47","date_gmt":"2024-05-07T11:52:47","guid":{"rendered":"https:\/\/lojistikmerkezi.net\/?page_id=309"},"modified":"2024-05-07T15:15:39","modified_gmt":"2024-05-07T12:15:39","slug":"komple-tasimacilik","status":"publish","type":"page","link":"https:\/\/lojistikmerkezi.net\/en\/komple-tasimacilik\/","title":{"rendered":"Komple Ta\u015f\u0131mac\u0131l\u0131k"},"content":{"rendered":"<div class=\"wpb-content-wrapper\"><div id=\"banners-row\" class=\"vc_row wpb_row vc_row-fluid\"><div class=\"wpb_column vc_column_container vc_col-sm-12\"><div class=\"vc_column-inner\"><div class=\"wpb_wrapper\">\t\t\t<link rel=\"stylesheet\" id=\"wd-banner-css\" href=\"https:\/\/lojistikmerkezi.net\/wp-content\/themes\/pixel-wp\/css\/parts\/wpb-el-banner.min.css?ver=6.1\" type=\"text\/css\" media=\"all\" \/> \t\t\t\t\t<div class=\"promo-banner-wrapper\">\r\n\t\t\t<div id=\"wd-663a148b5db48\" class=\"promo-banner banner- banner-hover-none color-scheme-light banner-btn-size-default banner-btn-style-default wd-display-image banner-vr-align-middle banner-hr-align-center\" \r\n\t\t\t\t\t\t\t\t\t\t\t >\r\n\r\n\t\t\t\t<div class=\"main-wrapp-img\">\r\n\t\t\t\t\t\t\t\t\t\t\t<div class=\"banner-image\">\r\n\t\t\t\t\t\t\t<img loading=\"lazy\" decoding=\"async\" width=\"1920\" height=\"600\" src=\"https:\/\/lojistikmerkezi.net\/wp-content\/uploads\/2024\/05\/komple-tasimacilik-slier-gorsel.png\" class=\"promo-banner-image attachment-full\" alt=\"\" title=\"komple-tasimacilik-slier-gorsel\" srcset=\"https:\/\/lojistikmerkezi.net\/wp-content\/uploads\/2024\/05\/komple-tasimacilik-slier-gorsel.png 1920w, https:\/\/lojistikmerkezi.net\/wp-content\/uploads\/2024\/05\/komple-tasimacilik-slier-gorsel-300x94.png 300w, https:\/\/lojistikmerkezi.net\/wp-content\/uploads\/2024\/05\/komple-tasimacilik-slier-gorsel-1024x320.png 1024w, https:\/\/lojistikmerkezi.net\/wp-content\/uploads\/2024\/05\/komple-tasimacilik-slier-gorsel-768x240.png 768w, https:\/\/lojistikmerkezi.net\/wp-content\/uploads\/2024\/05\/komple-tasimacilik-slier-gorsel-1536x480.png 1536w, https:\/\/lojistikmerkezi.net\/wp-content\/uploads\/2024\/05\/komple-tasimacilik-slier-gorsel-18x6.png 18w\" sizes=\"(max-width: 1920px) 100vw, 1920px\" \/>\t\t\t\t\t\t<\/div>\r\n\t\t\t\t\t\t\t\t\t<\/div>\r\n\r\n\t\t\t\t<div class=\"wrapper-content-banner wd-fill  wd-items-middle wd-justify-center\">\r\n\t\t\t\t\t<div class=\"content-banner text-center wd-width-100\">\r\n\t\t\t\t\t\t\t<div class=\"banner-title-wrap banner-title-default\">\r\n\t\t\t\t\t\t\t\t\t\t\t\t\t\t\t\t\t\t\t\t\t\t\t\t\t<\/div>\r\n\t\t\t\t\t\t\t\t\t\t\t\t\t<div class=\"banner-inner set-cont-mb-s reset-last-child wd-fontsize-xs\">\r\n\t\t\t\t\t\t\t\t<\/p>\n<h1 style=\"text-align: center;\">Komple Ta\u015f\u0131mac\u0131l\u0131k<\/h1>\n<p>\n\t\t\t\t\t\t\t<\/div>\r\n\t\t\t\t\t\t\t\t\t\t\t\t\t\t\t\t\t<\/div>\r\n\t\t\t\t<\/div>\r\n\t\t\t\t\t\t\t<\/div>\r\n\t\t<\/div>\r\n\t\t\r\n\t\t<\/div><\/div><\/div><\/div><div id=\"hizmet-content\" class=\"vc_row wpb_row vc_row-fluid\"><div class=\"wpb_column vc_column_container vc_col-sm-12\"><div class=\"vc_column-inner\"><div class=\"wpb_wrapper\">\n\t<div class=\"wpb_text_column wpb_content_element\" >\n\t\t<div class=\"wpb_wrapper\">\n\t\t\t<h2 style=\"text-align: center;\">&#8220;<strong>ETC Lojistik: G\u00fcvenilir Komple Ta\u015f\u0131mac\u0131l\u0131k Hizmeti<\/strong>&#8220;<\/h2>\n<p style=\"text-align: center;\"><strong>ETC Lojistik<\/strong>, sekt\u00f6r\u00fcnde \u00f6nc\u00fc bir firma olarak, m\u00fc\u015fterilerine y\u00fcksek kaliteli ve g\u00fcvenilir ta\u015f\u0131mac\u0131l\u0131k hizmetleri sunmaktad\u0131r. Sundu\u011fumuz hizmetler aras\u0131nda, t\u0131r ile komple ta\u015f\u0131m\u0131c\u0131l\u0131k \u00f6zel bir \u00f6neme sahiptir.<\/p>\n<p style=\"text-align: center;\">M\u00fc\u015fterilerimizin taleplerini en iyi \u015fekilde kar\u015f\u0131lamak i\u00e7in, <strong>ETC Lojistik<\/strong> olarak geni\u015f bir filo ile donanm\u0131\u015f bulunmaktay\u0131z. Modern ve g\u00fcvenilir t\u0131rlar\u0131m\u0131z, her t\u00fcrl\u00fc y\u00fck\u00fc g\u00fcvenle ta\u015f\u0131yacak kapasitededir.<\/p>\n<p style=\"text-align: center;\">M\u00fc\u015fteri memnuniyetini esas alarak, i\u015fimizi titizlikle y\u00fcr\u00fct\u00fcyoruz. Profesyonel ve deneyimli ekibimiz, her a\u015famada m\u00fc\u015fterilerimizin ihtiya\u00e7lar\u0131na uygun \u00e7\u00f6z\u00fcmler sunmaktad\u0131r.<\/p>\n<p style=\"text-align: center;\"><strong>ETC Lojistik<\/strong> olarak, ta\u015f\u0131d\u0131\u011f\u0131m\u0131z y\u00fcklerin g\u00fcvenli\u011fi ve zaman\u0131nda teslimat\u0131 bizim i\u00e7in \u00f6nceliklidir. Bu nedenle, her a\u015famada y\u00fcksek standartlarda g\u00fcvenlik \u00f6nlemleri al\u0131yor ve zaman y\u00f6netimine b\u00fcy\u00fck \u00f6nem veriyoruz.<\/p>\n<p style=\"text-align: center;\">M\u00fc\u015fterilerimizin i\u015flerini kolayla\u015ft\u0131rmak ve lojistik s\u00fcre\u00e7lerini daha verimli hale getirmek i\u00e7in, <strong>ETC Lojistik<\/strong> olarak teknolojiyi etkin bir \u015fekilde kullan\u0131yoruz. En son lojistik yaz\u0131l\u0131mlar\u0131 ve takip sistemleri ile, m\u00fc\u015fterilerimiz y\u00fcklerinin her a\u015famas\u0131n\u0131 kolayca takip edebilir ve y\u00f6netebilirler.<\/p>\n<p style=\"text-align: center;\"><strong>ETC Lojistik<\/strong>, t\u0131r ile komple ta\u015f\u0131m\u0131c\u0131l\u0131k hizmeti sunarken, sadece bir ta\u015f\u0131y\u0131c\u0131 de\u011fil, ayn\u0131 zamanda g\u00fcvenilir bir i\u015f orta\u011f\u0131d\u0131r. M\u00fc\u015fterilerimizin i\u015flerini g\u00fcvenle bize emanet etmeleri i\u00e7in, her zaman en iyisini sunmaya kararl\u0131y\u0131z.<\/p>\n<p style=\"text-align: center;\">Siz de g\u00fcvenilir ve kaliteli bir t\u0131r ta\u015f\u0131mac\u0131l\u0131\u011f\u0131 hizmetine ihtiya\u00e7 duyuyorsan\u0131z, <strong>ETC Lojistik<\/strong> olarak biz buraday\u0131z. Bize ula\u015f\u0131n ve ta\u015f\u0131ma ihtiya\u00e7lar\u0131n\u0131z\u0131 kar\u015f\u0131lamak i\u00e7in birlikte \u00e7al\u0131\u015fal\u0131m.<\/p>\n\n\t\t<\/div>\n\t<\/div>\n<\/div><\/div><\/div><\/div><div id=\"form\" class=\"vc_row wpb_row vc_row-fluid\"><div class=\"wpb_column vc_column_container vc_col-sm-12\"><div class=\"vc_column-inner\"><div class=\"wpb_wrapper\">\n\t<div class=\"wpb_text_column wpb_content_element\" >\n\t\t<div class=\"wpb_wrapper\">\n\t\t\t<h5 id=\"brxe-elmvah\" class=\"brxe-heading main__sub-title\" style=\"text-align: center;\">B\u0130ZE ULA\u015eIN<\/h5>\n<h2 id=\"brxe-gscczu\" class=\"brxe-heading main__title\" style=\"text-align: center;\">\u0130LET\u0130\u015e\u0130ME GE\u00c7EL\u0130M!<\/h2>\n\n\t\t<\/div>\n\t<\/div>\n\n<div class=\"wpcf7 no-js\" id=\"wpcf7-f8-o1\" lang=\"tr-TR\" dir=\"ltr\">\n<div class=\"screen-reader-response\"><p role=\"status\" aria-live=\"polite\" aria-atomic=\"true\"><\/p> <ul><\/ul><\/div>\n<form action=\"\/en\/wp-json\/wp\/v2\/pages\/309#wpcf7-f8-o1\" method=\"post\" class=\"wpcf7-form init\" aria-label=\"\u0130leti\u015fim Formu\" novalidate=\"novalidate\" data-status=\"init\" data-trp-original-action=\"\/en\/wp-json\/wp\/v2\/pages\/309#wpcf7-f8-o1\">\n<div style=\"display: none;\">\n<input type=\"hidden\" name=\"_wpcf7\" value=\"8\" \/>\n<input type=\"hidden\" name=\"_wpcf7_version\" value=\"5.9.8\" \/>\n<input type=\"hidden\" name=\"_wpcf7_locale\" value=\"tr_TR\" \/>\n<input type=\"hidden\" name=\"_wpcf7_unit_tag\" value=\"wpcf7-f8-o1\" \/>\n<input type=\"hidden\" name=\"_wpcf7_container_post\" value=\"0\" \/>\n<input type=\"hidden\" name=\"_wpcf7_posted_data_hash\" value=\"\" \/>\n<\/div>\n<p><label> Your name<br \/>\n<span class=\"wpcf7-form-control-wrap\" data-name=\"your-name\"><input size=\"40\" maxlength=\"400\" class=\"wpcf7-form-control wpcf7-text wpcf7-validates-as-required\" autocomplete=\"name\" aria-required=\"true\" aria-invalid=\"false\" value=\"\" type=\"text\" name=\"your-name\" \/><\/span> <\/label>\n<\/p>\n<p><label> Your email<br \/>\n<span class=\"wpcf7-form-control-wrap\" data-name=\"your-email\"><input size=\"40\" maxlength=\"400\" class=\"wpcf7-form-control wpcf7-email wpcf7-validates-as-required wpcf7-text wpcf7-validates-as-email\" autocomplete=\"email\" aria-required=\"true\" aria-invalid=\"false\" value=\"\" type=\"email\" name=\"your-email\" \/><\/span> <\/label>\n<\/p>\n<p><label> Subject<br \/>\n<span class=\"wpcf7-form-control-wrap\" data-name=\"your-subject\"><input size=\"40\" maxlength=\"400\" class=\"wpcf7-form-control wpcf7-text wpcf7-validates-as-required\" aria-required=\"true\" aria-invalid=\"false\" value=\"\" type=\"text\" name=\"your-subject\" \/><\/span> <\/label>\n<\/p>\n<p><label> Your message (optional)<br \/>\n<span class=\"wpcf7-form-control-wrap\" data-name=\"your-message\"><textarea cols=\"40\" rows=\"10\" maxlength=\"2000\" class=\"wpcf7-form-control wpcf7-textarea\" aria-invalid=\"false\" name=\"your-message\"><\/textarea><\/span> <\/label>\n<\/p>\n<p><input class=\"wpcf7-form-control wpcf7-submit has-spinner\" type=\"submit\" value=\"Submit\" \/>\n<\/p><div class=\"wpcf7-response-output\" aria-hidden=\"true\"><\/div>\n<input type=\"hidden\" name=\"trp-form-language\" value=\"en\"\/><\/form>\n<\/div>\n<\/div><\/div><\/div><\/div>\n<\/div>","protected":false},"excerpt":{"rendered":"Komple Ta\u015f\u0131mac\u0131l\u0131k \"ETC Lojistik: G\u00fcvenilir Komple Ta\u015f\u0131mac\u0131l\u0131k Hizmeti\" ETC Lojistik, sekt\u00f6r\u00fcnde \u00f6nc\u00fc bir firma olarak, m\u00fc\u015fterilerine y\u00fcksek kaliteli ve g\u00fcvenilir","protected":false},"author":1,"featured_media":0,"parent":0,"menu_order":0,"comment_status":"closed","ping_status":"closed","template":"","meta":{"footnotes":""},"yoast_head":"<!-- This site is optimized with the Yoast SEO plugin v23.0 - https:\/\/yoast.com\/wordpress\/plugins\/seo\/ -->\n<title>Komple Ta\u015f\u0131mac\u0131l\u0131k - Lojistik Merkezi<\/title>\n<meta name=\"robots\" content=\"index, follow, max-snippet:-1, max-image-preview:large, max-video-preview:-1\" \/>\n<link rel=\"canonical\" href=\"https:\/\/lojistikmerkezi.net\/en\/komple-tasimacilik\/\" \/>\n<meta property=\"og:locale\" content=\"en_US\" \/>\n<meta property=\"og:type\" content=\"article\" \/>\n<meta property=\"og:title\" content=\"Komple Ta\u015f\u0131mac\u0131l\u0131k - Lojistik Merkezi\" \/>\n<meta property=\"og:url\" content=\"https:\/\/lojistikmerkezi.net\/en\/komple-tasimacilik\/\" \/>\n<meta property=\"og:site_name\" content=\"Lojistik Merkezi\" \/>\n<meta property=\"article:modified_time\" content=\"2024-05-07T12:15:39+00:00\" \/>\n<meta property=\"og:image\" content=\"https:\/\/lojistikmerkezi.net\/wp-content\/uploads\/2024\/04\/lojistik-merkezi-seo-logo-1.jpg\" \/>\n\t<meta property=\"og:image:width\" content=\"1200\" \/>\n\t<meta property=\"og:image:height\" content=\"675\" \/>\n\t<meta property=\"og:image:type\" content=\"image\/jpeg\" \/>\n<meta name=\"twitter:card\" content=\"summary_large_image\" \/>\n<meta name=\"twitter:label1\" content=\"Est. reading time\" \/>\n\t<meta name=\"twitter:data1\" content=\"3 minutes\" \/>\n<script type=\"application\/ld+json\" class=\"yoast-schema-graph\">{\"@context\":\"https:\/\/schema.org\",\"@graph\":[{\"@type\":\"WebPage\",\"@id\":\"https:\/\/lojistikmerkezi.net\/komple-tasimacilik\/\",\"url\":\"https:\/\/lojistikmerkezi.net\/komple-tasimacilik\/\",\"name\":\"Komple Ta\u015f\u0131mac\u0131l\u0131k - Lojistik Merkezi\",\"isPartOf\":{\"@id\":\"https:\/\/lojistikmerkezi.net\/#website\"},\"datePublished\":\"2024-05-07T11:52:47+00:00\",\"dateModified\":\"2024-05-07T12:15:39+00:00\",\"breadcrumb\":{\"@id\":\"https:\/\/lojistikmerkezi.net\/komple-tasimacilik\/#breadcrumb\"},\"inLanguage\":\"en-US\",\"potentialAction\":[{\"@type\":\"ReadAction\",\"target\":[\"https:\/\/lojistikmerkezi.net\/komple-tasimacilik\/\"]}]},{\"@type\":\"BreadcrumbList\",\"@id\":\"https:\/\/lojistikmerkezi.net\/komple-tasimacilik\/#breadcrumb\",\"itemListElement\":[{\"@type\":\"ListItem\",\"position\":1,\"name\":\"Anasayfa\",\"item\":\"https:\/\/lojistikmerkezi.net\/\"},{\"@type\":\"ListItem\",\"position\":2,\"name\":\"Komple Ta\u015f\u0131mac\u0131l\u0131k\"}]},{\"@type\":\"WebSite\",\"@id\":\"https:\/\/lojistikmerkezi.net\/#website\",\"url\":\"https:\/\/lojistikmerkezi.net\/\",\"name\":\"Lojistik Merkezi\",\"description\":\"Kargo mu var? Lojisti\u011fini bize b\u0131rak!\",\"publisher\":{\"@id\":\"https:\/\/lojistikmerkezi.net\/#organization\"},\"alternateName\":\"Lojistik Merkezi | ETC Lojistik\",\"potentialAction\":[{\"@type\":\"SearchAction\",\"target\":{\"@type\":\"EntryPoint\",\"urlTemplate\":\"https:\/\/lojistikmerkezi.net\/?s={search_term_string}\"},\"query-input\":\"required name=search_term_string\"}],\"inLanguage\":\"en-US\"},{\"@type\":\"Organization\",\"@id\":\"https:\/\/lojistikmerkezi.net\/#organization\",\"name\":\"Lojistik Merkezi\",\"alternateName\":\"ETC Lojistik\",\"url\":\"https:\/\/lojistikmerkezi.net\/\",\"logo\":{\"@type\":\"ImageObject\",\"inLanguage\":\"en-US\",\"@id\":\"https:\/\/lojistikmerkezi.net\/#\/schema\/logo\/image\/\",\"url\":\"https:\/\/lojistikmerkezi.net\/wp-content\/uploads\/2024\/04\/lojistik-merkezi-seo-logo-2.jpg\",\"contentUrl\":\"https:\/\/lojistikmerkezi.net\/wp-content\/uploads\/2024\/04\/lojistik-merkezi-seo-logo-2.jpg\",\"width\":696,\"height\":696,\"caption\":\"Lojistik Merkezi\"},\"image\":{\"@id\":\"https:\/\/lojistikmerkezi.net\/#\/schema\/logo\/image\/\"},\"sameAs\":[\"https:\/\/www.instagram.com\/avrupaparsiyellojistik\/\"]}]}<\/script>\n<!-- \/ Yoast SEO plugin. -->","yoast_head_json":{"title":"Komple Ta\u015f\u0131mac\u0131l\u0131k - Lojistik Merkezi","robots":{"index":"index","follow":"follow","max-snippet":"max-snippet:-1","max-image-preview":"max-image-preview:large","max-video-preview":"max-video-preview:-1"},"canonical":"https:\/\/lojistikmerkezi.net\/en\/komple-tasimacilik\/","og_locale":"en_US","og_type":"article","og_title":"Komple Ta\u015f\u0131mac\u0131l\u0131k - Lojistik Merkezi","og_url":"https:\/\/lojistikmerkezi.net\/en\/komple-tasimacilik\/","og_site_name":"Lojistik Merkezi","article_modified_time":"2024-05-07T12:15:39+00:00","og_image":[{"width":1200,"height":675,"url":"https:\/\/lojistikmerkezi.net\/wp-content\/uploads\/2024\/04\/lojistik-merkezi-seo-logo-1.jpg","type":"image\/jpeg"}],"twitter_card":"summary_large_image","twitter_misc":{"Est. reading time":"3 minutes"},"schema":{"@context":"https:\/\/schema.org","@graph":[{"@type":"WebPage","@id":"https:\/\/lojistikmerkezi.net\/komple-tasimacilik\/","url":"https:\/\/lojistikmerkezi.net\/komple-tasimacilik\/","name":"Komple Ta\u015f\u0131mac\u0131l\u0131k - Lojistik Merkezi","isPartOf":{"@id":"https:\/\/lojistikmerkezi.net\/#website"},"datePublished":"2024-05-07T11:52:47+00:00","dateModified":"2024-05-07T12:15:39+00:00","breadcrumb":{"@id":"https:\/\/lojistikmerkezi.net\/komple-tasimacilik\/#breadcrumb"},"inLanguage":"en-US","potentialAction":[{"@type":"ReadAction","target":["https:\/\/lojistikmerkezi.net\/komple-tasimacilik\/"]}]},{"@type":"BreadcrumbList","@id":"https:\/\/lojistikmerkezi.net\/komple-tasimacilik\/#breadcrumb","itemListElement":[{"@type":"ListItem","position":1,"name":"Anasayfa","item":"https:\/\/lojistikmerkezi.net\/"},{"@type":"ListItem","position":2,"name":"Komple Ta\u015f\u0131mac\u0131l\u0131k"}]},{"@type":"WebSite","@id":"https:\/\/lojistikmerkezi.net\/#website","url":"https:\/\/lojistikmerkezi.net\/","name":"Lojistik Merkezi","description":"Kargo mu var? Lojisti\u011fini bize b\u0131rak!","publisher":{"@id":"https:\/\/lojistikmerkezi.net\/#organization"},"alternateName":"Lojistik Merkezi | ETC Lojistik","potentialAction":[{"@type":"SearchAction","target":{"@type":"EntryPoint","urlTemplate":"https:\/\/lojistikmerkezi.net\/?s={search_term_string}"},"query-input":"required name=search_term_string"}],"inLanguage":"en-US"},{"@type":"Organization","@id":"https:\/\/lojistikmerkezi.net\/#organization","name":"Lojistik Merkezi","alternateName":"ETC Lojistik","url":"https:\/\/lojistikmerkezi.net\/","logo":{"@type":"ImageObject","inLanguage":"en-US","@id":"https:\/\/lojistikmerkezi.net\/#\/schema\/logo\/image\/","url":"https:\/\/lojistikmerkezi.net\/wp-content\/uploads\/2024\/04\/lojistik-merkezi-seo-logo-2.jpg","contentUrl":"https:\/\/lojistikmerkezi.net\/wp-content\/uploads\/2024\/04\/lojistik-merkezi-seo-logo-2.jpg","width":696,"height":696,"caption":"Lojistik Merkezi"},"image":{"@id":"https:\/\/lojistikmerkezi.net\/#\/schema\/logo\/image\/"},"sameAs":["https:\/\/www.instagram.com\/avrupaparsiyellojistik\/"]}]}},"_links":{"self":[{"href":"https:\/\/lojistikmerkezi.net\/en\/wp-json\/wp\/v2\/pages\/309"}],"collection":[{"href":"https:\/\/lojistikmerkezi.net\/en\/wp-json\/wp\/v2\/pages"}],"about":[{"href":"https:\/\/lojistikmerkezi.net\/en\/wp-json\/wp\/v2\/types\/page"}],"author":[{"embeddable":true,"href":"https:\/\/lojistikmerkezi.net\/en\/wp-json\/wp\/v2\/users\/1"}],"replies":[{"embeddable":true,"href":"https:\/\/lojistikmerkezi.net\/en\/wp-json\/wp\/v2\/comments?post=309"}],"version-history":[{"count":2,"href":"https:\/\/lojistikmerkezi.net\/en\/wp-json\/wp\/v2\/pages\/309\/revisions"}],"predecessor-version":[{"id":316,"href":"https:\/\/lojistikmerkezi.net\/en\/wp-json\/wp\/v2\/pages\/309\/revisions\/316"}],"wp:attachment":[{"href":"https:\/\/lojistikmerkezi.net\/en\/wp-json\/wp\/v2\/media?parent=309"}],"curies":[{"name":"wp","href":"https:\/\/api.w.org\/{rel}","templated":true}]}}