{"id":330,"date":"2024-05-07T15:50:31","date_gmt":"2024-05-07T12:50:31","guid":{"rendered":"https:\/\/lojistikmerkezi.net\/?page_id=330"},"modified":"2024-05-07T15:50:31","modified_gmt":"2024-05-07T12:50:31","slug":"transport","status":"publish","type":"page","link":"https:\/\/lojistikmerkezi.net\/en\/transport\/","title":{"rendered":"Transport"},"content":{"rendered":"<div class=\"wpb-content-wrapper\"><div id=\"hizmet-content\" class=\"vc_row wpb_row vc_row-fluid\"><div class=\"wpb_column vc_column_container vc_col-sm-12\"><div class=\"vc_column-inner\"><div class=\"wpb_wrapper\">\n\t<div class=\"wpb_text_column wpb_content_element\" >\n\t\t<div class=\"wpb_wrapper\">\n\t\t\t<h2 style=\"text-align: center;\">&#8220;<strong>ETC Lojisti\u011fin \u0130hracat Operasyonu: G\u00fcvenilir ve Sorunsuz \u0130hracat \u0130\u015flemleri<\/strong>&#8220;<\/h2>\n<p style=\"text-align: center;\">\u00dcr\u00fcnlerinizi h\u0131zl\u0131 ve g\u00fcvenilir bir \u015fekilde ta\u015f\u0131mak m\u0131 istiyorsunuz? <strong>ETC Lojistik<\/strong>, m\u00fc\u015fterilerine geni\u015f bir ta\u015f\u0131mac\u0131l\u0131k a\u011f\u0131yla h\u0131zl\u0131 ve g\u00fcvenilir bir Transport Hizmeti sunar. Profesyonel ekibimiz, her mesafeyi \u00f6zenle a\u015far ve \u00fcr\u00fcnlerinizin g\u00fcvenli bir \u015fekilde var\u0131\u015f noktas\u0131na ula\u015fmas\u0131n\u0131 sa\u011flar. M\u00fc\u015fterilerimize sundu\u011fumuz bu hizmet, lojistik ihtiya\u00e7lar\u0131n\u0131z\u0131 kar\u015f\u0131lamak ve i\u015flerinizi kolayla\u015ft\u0131rmak i\u00e7in tasarlanm\u0131\u015ft\u0131r.<\/p>\n\n\t\t<\/div>\n\t<\/div>\n<\/div><\/div><\/div><\/div>\n<\/div>","protected":false},"excerpt":{"rendered":"\"ETC Lojisti\u011fin \u0130hracat Operasyonu: G\u00fcvenilir ve Sorunsuz \u0130hracat \u0130\u015flemleri\" \u00dcr\u00fcnlerinizi h\u0131zl\u0131 ve g\u00fcvenilir bir \u015fekilde ta\u015f\u0131mak m\u0131 istiyorsunuz? ETC Lojistik,","protected":false},"author":1,"featured_media":0,"parent":0,"menu_order":0,"comment_status":"closed","ping_status":"closed","template":"","meta":{"footnotes":""},"yoast_head":"<!-- This site is optimized with the Yoast SEO plugin v23.0 - https:\/\/yoast.com\/wordpress\/plugins\/seo\/ -->\n<title>Transport - Lojistik Merkezi<\/title>\n<meta name=\"robots\" content=\"index, follow, max-snippet:-1, max-image-preview:large, max-video-preview:-1\" \/>\n<link rel=\"canonical\" href=\"https:\/\/lojistikmerkezi.net\/en\/transport\/\" \/>\n<meta property=\"og:locale\" content=\"en_US\" \/>\n<meta property=\"og:type\" content=\"article\" \/>\n<meta property=\"og:title\" content=\"Transport - Lojistik Merkezi\" \/>\n<meta property=\"og:url\" content=\"https:\/\/lojistikmerkezi.net\/en\/transport\/\" \/>\n<meta property=\"og:site_name\" content=\"Lojistik Merkezi\" \/>\n<meta property=\"og:image\" content=\"https:\/\/lojistikmerkezi.net\/wp-content\/uploads\/2024\/04\/lojistik-merkezi-seo-logo-1.jpg\" \/>\n\t<meta property=\"og:image:width\" content=\"1200\" \/>\n\t<meta property=\"og:image:height\" content=\"675\" \/>\n\t<meta property=\"og:image:type\" content=\"image\/jpeg\" \/>\n<meta name=\"twitter:card\" content=\"summary_large_image\" \/>\n<meta name=\"twitter:label1\" content=\"Est. reading time\" \/>\n\t<meta name=\"twitter:data1\" content=\"1 minute\" \/>\n<script type=\"application\/ld+json\" class=\"yoast-schema-graph\">{\"@context\":\"https:\/\/schema.org\",\"@graph\":[{\"@type\":\"WebPage\",\"@id\":\"https:\/\/lojistikmerkezi.net\/transport\/\",\"url\":\"https:\/\/lojistikmerkezi.net\/transport\/\",\"name\":\"Transport - Lojistik Merkezi\",\"isPartOf\":{\"@id\":\"https:\/\/lojistikmerkezi.net\/#website\"},\"datePublished\":\"2024-05-07T12:50:31+00:00\",\"dateModified\":\"2024-05-07T12:50:31+00:00\",\"breadcrumb\":{\"@id\":\"https:\/\/lojistikmerkezi.net\/transport\/#breadcrumb\"},\"inLanguage\":\"en-US\",\"potentialAction\":[{\"@type\":\"ReadAction\",\"target\":[\"https:\/\/lojistikmerkezi.net\/transport\/\"]}]},{\"@type\":\"BreadcrumbList\",\"@id\":\"https:\/\/lojistikmerkezi.net\/transport\/#breadcrumb\",\"itemListElement\":[{\"@type\":\"ListItem\",\"position\":1,\"name\":\"Anasayfa\",\"item\":\"https:\/\/lojistikmerkezi.net\/\"},{\"@type\":\"ListItem\",\"position\":2,\"name\":\"Transport\"}]},{\"@type\":\"WebSite\",\"@id\":\"https:\/\/lojistikmerkezi.net\/#website\",\"url\":\"https:\/\/lojistikmerkezi.net\/\",\"name\":\"Lojistik Merkezi\",\"description\":\"Kargo mu var? Lojisti\u011fini bize b\u0131rak!\",\"publisher\":{\"@id\":\"https:\/\/lojistikmerkezi.net\/#organization\"},\"alternateName\":\"Lojistik Merkezi | ETC Lojistik\",\"potentialAction\":[{\"@type\":\"SearchAction\",\"target\":{\"@type\":\"EntryPoint\",\"urlTemplate\":\"https:\/\/lojistikmerkezi.net\/?s={search_term_string}\"},\"query-input\":\"required name=search_term_string\"}],\"inLanguage\":\"en-US\"},{\"@type\":\"Organization\",\"@id\":\"https:\/\/lojistikmerkezi.net\/#organization\",\"name\":\"Lojistik Merkezi\",\"alternateName\":\"ETC Lojistik\",\"url\":\"https:\/\/lojistikmerkezi.net\/\",\"logo\":{\"@type\":\"ImageObject\",\"inLanguage\":\"en-US\",\"@id\":\"https:\/\/lojistikmerkezi.net\/#\/schema\/logo\/image\/\",\"url\":\"https:\/\/lojistikmerkezi.net\/wp-content\/uploads\/2024\/04\/lojistik-merkezi-seo-logo-2.jpg\",\"contentUrl\":\"https:\/\/lojistikmerkezi.net\/wp-content\/uploads\/2024\/04\/lojistik-merkezi-seo-logo-2.jpg\",\"width\":696,\"height\":696,\"caption\":\"Lojistik Merkezi\"},\"image\":{\"@id\":\"https:\/\/lojistikmerkezi.net\/#\/schema\/logo\/image\/\"},\"sameAs\":[\"https:\/\/www.instagram.com\/avrupaparsiyellojistik\/\"]}]}<\/script>\n<!-- \/ Yoast SEO plugin. -->","yoast_head_json":{"title":"Transport - Lojistik Merkezi","robots":{"index":"index","follow":"follow","max-snippet":"max-snippet:-1","max-image-preview":"max-image-preview:large","max-video-preview":"max-video-preview:-1"},"canonical":"https:\/\/lojistikmerkezi.net\/en\/transport\/","og_locale":"en_US","og_type":"article","og_title":"Transport - Lojistik Merkezi","og_url":"https:\/\/lojistikmerkezi.net\/en\/transport\/","og_site_name":"Lojistik Merkezi","og_image":[{"width":1200,"height":675,"url":"https:\/\/lojistikmerkezi.net\/wp-content\/uploads\/2024\/04\/lojistik-merkezi-seo-logo-1.jpg","type":"image\/jpeg"}],"twitter_card":"summary_large_image","twitter_misc":{"Est. reading time":"1 minute"},"schema":{"@context":"https:\/\/schema.org","@graph":[{"@type":"WebPage","@id":"https:\/\/lojistikmerkezi.net\/transport\/","url":"https:\/\/lojistikmerkezi.net\/transport\/","name":"Transport - Lojistik Merkezi","isPartOf":{"@id":"https:\/\/lojistikmerkezi.net\/#website"},"datePublished":"2024-05-07T12:50:31+00:00","dateModified":"2024-05-07T12:50:31+00:00","breadcrumb":{"@id":"https:\/\/lojistikmerkezi.net\/transport\/#breadcrumb"},"inLanguage":"en-US","potentialAction":[{"@type":"ReadAction","target":["https:\/\/lojistikmerkezi.net\/transport\/"]}]},{"@type":"BreadcrumbList","@id":"https:\/\/lojistikmerkezi.net\/transport\/#breadcrumb","itemListElement":[{"@type":"ListItem","position":1,"name":"Anasayfa","item":"https:\/\/lojistikmerkezi.net\/"},{"@type":"ListItem","position":2,"name":"Transport"}]},{"@type":"WebSite","@id":"https:\/\/lojistikmerkezi.net\/#website","url":"https:\/\/lojistikmerkezi.net\/","name":"Lojistik Merkezi","description":"Kargo mu var? Lojisti\u011fini bize b\u0131rak!","publisher":{"@id":"https:\/\/lojistikmerkezi.net\/#organization"},"alternateName":"Lojistik Merkezi | ETC Lojistik","potentialAction":[{"@type":"SearchAction","target":{"@type":"EntryPoint","urlTemplate":"https:\/\/lojistikmerkezi.net\/?s={search_term_string}"},"query-input":"required name=search_term_string"}],"inLanguage":"en-US"},{"@type":"Organization","@id":"https:\/\/lojistikmerkezi.net\/#organization","name":"Lojistik Merkezi","alternateName":"ETC Lojistik","url":"https:\/\/lojistikmerkezi.net\/","logo":{"@type":"ImageObject","inLanguage":"en-US","@id":"https:\/\/lojistikmerkezi.net\/#\/schema\/logo\/image\/","url":"https:\/\/lojistikmerkezi.net\/wp-content\/uploads\/2024\/04\/lojistik-merkezi-seo-logo-2.jpg","contentUrl":"https:\/\/lojistikmerkezi.net\/wp-content\/uploads\/2024\/04\/lojistik-merkezi-seo-logo-2.jpg","width":696,"height":696,"caption":"Lojistik Merkezi"},"image":{"@id":"https:\/\/lojistikmerkezi.net\/#\/schema\/logo\/image\/"},"sameAs":["https:\/\/www.instagram.com\/avrupaparsiyellojistik\/"]}]}},"_links":{"self":[{"href":"https:\/\/lojistikmerkezi.net\/en\/wp-json\/wp\/v2\/pages\/330"}],"collection":[{"href":"https:\/\/lojistikmerkezi.net\/en\/wp-json\/wp\/v2\/pages"}],"about":[{"href":"https:\/\/lojistikmerkezi.net\/en\/wp-json\/wp\/v2\/types\/page"}],"author":[{"embeddable":true,"href":"https:\/\/lojistikmerkezi.net\/en\/wp-json\/wp\/v2\/users\/1"}],"replies":[{"embeddable":true,"href":"https:\/\/lojistikmerkezi.net\/en\/wp-json\/wp\/v2\/comments?post=330"}],"version-history":[{"count":1,"href":"https:\/\/lojistikmerkezi.net\/en\/wp-json\/wp\/v2\/pages\/330\/revisions"}],"predecessor-version":[{"id":331,"href":"https:\/\/lojistikmerkezi.net\/en\/wp-json\/wp\/v2\/pages\/330\/revisions\/331"}],"wp:attachment":[{"href":"https:\/\/lojistikmerkezi.net\/en\/wp-json\/wp\/v2\/media?parent=330"}],"curies":[{"name":"wp","href":"https:\/\/api.w.org\/{rel}","templated":true}]}}