{"id":37,"date":"2024-04-15T10:52:56","date_gmt":"2024-04-15T07:52:56","guid":{"rendered":"https:\/\/lojistikmerkezi.net\/?page_id=37"},"modified":"2024-04-26T13:17:49","modified_gmt":"2024-04-26T10:17:49","slug":"hakkimizda","status":"publish","type":"page","link":"https:\/\/lojistikmerkezi.net\/en\/hakkimizda\/","title":{"rendered":"Hakk\u0131m\u0131zda"},"content":{"rendered":"<div class=\"wpb-content-wrapper\"><div id=\"biz-kimiz-row\" class=\"vc_row wpb_row vc_row-fluid vc_row-o-content-middle vc_row-flex\"><div class=\"wpb_column vc_column_container vc_col-sm-4\"><div class=\"vc_column-inner\"><div class=\"wpb_wrapper\">\n\t<div  class=\"wpb_single_image wpb_content_element vc_align_left\">\n\t\t\n\t\t<figure class=\"wpb_wrapper vc_figure\">\n\t\t\t<div class=\"vc_single_image-wrapper   vc_box_border_grey\"><img loading=\"lazy\" decoding=\"async\" width=\"1512\" height=\"1890\" src=\"https:\/\/lojistikmerkezi.net\/wp-content\/uploads\/2024\/04\/hakkimizda-small-images-1.png\" class=\"vc_single_image-img attachment-full\" alt=\"\" title=\"hakkimizda-small-images-1\" srcset=\"https:\/\/lojistikmerkezi.net\/wp-content\/uploads\/2024\/04\/hakkimizda-small-images-1.png 1512w, https:\/\/lojistikmerkezi.net\/wp-content\/uploads\/2024\/04\/hakkimizda-small-images-1-240x300.png 240w, https:\/\/lojistikmerkezi.net\/wp-content\/uploads\/2024\/04\/hakkimizda-small-images-1-819x1024.png 819w, https:\/\/lojistikmerkezi.net\/wp-content\/uploads\/2024\/04\/hakkimizda-small-images-1-768x960.png 768w, https:\/\/lojistikmerkezi.net\/wp-content\/uploads\/2024\/04\/hakkimizda-small-images-1-1229x1536.png 1229w, https:\/\/lojistikmerkezi.net\/wp-content\/uploads\/2024\/04\/hakkimizda-small-images-1-10x12.png 10w\" sizes=\"(max-width: 1512px) 100vw, 1512px\" \/><\/div>\n\t\t<\/figure>\n\t<\/div>\n<\/div><\/div><\/div><div class=\"wpb_column vc_column_container vc_col-sm-4\"><div class=\"vc_column-inner\"><div class=\"wpb_wrapper\">\n\t<div class=\"wpb_text_column wpb_content_element\" >\n\t\t<div class=\"wpb_wrapper\">\n\t\t\t<h1 class=\"h1kurumsal\" style=\"text-align: center;\">Hakk\u0131m\u0131zda<\/h1>\n<p style=\"text-align: center;\">1997 y\u0131l\u0131nda Mobilya pazarlamas\u0131 ile \u0130hracat sekt\u00f6r\u00fcnde faaliyete ba\u015flad\u0131ktan sonra Avrupa ile yapt\u0131\u011f\u0131m\u0131z bir\u00e7ok ticaret sonras\u0131 ikili ili\u015fkilerimizin geli\u015fmesi ile birlikte yapt\u0131\u011f\u0131m\u0131z yat\u0131r\u0131mlar ve gayretlerimiz neticesinde; \u00fclkemizde \u00fcretim yapan \u00f6zellikle mobilya f\u0131rmalar\u0131 ile Avrupa&#8217;da ya\u015fayan gurbet\u00e7i vatanda\u015flar\u0131m\u0131z aras\u0131nda adeta bir k\u00f6pr\u00fc olu\u015fturduk. Avrupa&#8217;n\u0131n bir\u00e7ok farkl\u0131 b\u00f6lgesinde ya\u015fayan m\u00fc\u015fterilerimizin evlerini s\u00fcsleyen birbirinden renkli \u00fcr\u00fcnlerin bizim taraf\u0131m\u0131zdan teslim edilmesi ile bug\u00fcne kadar onbinlerce insan\u0131m\u0131z\u0131n g\u00fcl\u00fcmsemelerine \u015fahit olduk. Parsiyel Lojistik sekt\u00f6r\u00fcnde \u00fczerimize ald\u0131\u011f\u0131m\u0131z sorumlulu\u011fun bilincindeyiz; g\u00fcler y\u00fczl\u00fc ve i\u015finde uzman ekibimiz ile siz de\u011ferli i\u015f ortaklar\u0131m\u0131za hizmet etmekten onur duyuyoruz.<\/p>\n\n\t\t<\/div>\n\t<\/div>\n<\/div><\/div><\/div><div class=\"wpb_column vc_column_container vc_col-sm-4\"><div class=\"vc_column-inner\"><div class=\"wpb_wrapper\">\n\t<div  class=\"wpb_single_image wpb_content_element vc_align_right\">\n\t\t\n\t\t<figure class=\"wpb_wrapper vc_figure\">\n\t\t\t<div class=\"vc_single_image-wrapper   vc_box_border_grey\"><img loading=\"lazy\" decoding=\"async\" width=\"1512\" height=\"1890\" src=\"https:\/\/lojistikmerkezi.net\/wp-content\/uploads\/2024\/04\/hakkimizda-small-images-2.png\" class=\"vc_single_image-img attachment-full\" alt=\"\" title=\"hakkimizda-small-images-2\" srcset=\"https:\/\/lojistikmerkezi.net\/wp-content\/uploads\/2024\/04\/hakkimizda-small-images-2.png 1512w, https:\/\/lojistikmerkezi.net\/wp-content\/uploads\/2024\/04\/hakkimizda-small-images-2-240x300.png 240w, https:\/\/lojistikmerkezi.net\/wp-content\/uploads\/2024\/04\/hakkimizda-small-images-2-819x1024.png 819w, https:\/\/lojistikmerkezi.net\/wp-content\/uploads\/2024\/04\/hakkimizda-small-images-2-768x960.png 768w, https:\/\/lojistikmerkezi.net\/wp-content\/uploads\/2024\/04\/hakkimizda-small-images-2-1229x1536.png 1229w, https:\/\/lojistikmerkezi.net\/wp-content\/uploads\/2024\/04\/hakkimizda-small-images-2-10x12.png 10w\" sizes=\"(max-width: 1512px) 100vw, 1512px\" \/><\/div>\n\t\t<\/figure>\n\t<\/div>\n<\/div><\/div><\/div><\/div><div id=\"back-row\" data-vc-full-width=\"true\" data-vc-full-width-init=\"false\" data-vc-stretch-content=\"true\" class=\"vc_row wpb_row vc_row-fluid vc_row-no-padding vc_row-o-content-middle vc_row-flex\"><div class=\"wpb_column vc_column_container vc_col-sm-12\"><div class=\"vc_column-inner\"><div class=\"wpb_wrapper\">\n\t<div class=\"wpb_text_column wpb_content_element\" >\n\t\t<div class=\"wpb_wrapper\">\n\t\t\t<h1 style=\"text-align: center;\"><\/h1>\n\n\t\t<\/div>\n\t<\/div>\n<\/div><\/div><\/div><\/div><div class=\"vc_row-full-width vc_clearfix\"><\/div><div id=\"vizyon-row\" class=\"vc_row wpb_row vc_row-fluid\"><div class=\"wpb_column vc_column_container vc_col-sm-4\"><div class=\"vc_column-inner\"><div class=\"wpb_wrapper\">\n\t<div  class=\"wpb_single_image wpb_content_element vc_align_left\">\n\t\t\n\t\t<figure class=\"wpb_wrapper vc_figure\">\n\t\t\t<div class=\"vc_single_image-wrapper   vc_box_border_grey\"><img loading=\"lazy\" decoding=\"async\" width=\"1512\" height=\"1890\" src=\"https:\/\/lojistikmerkezi.net\/wp-content\/uploads\/2024\/04\/hakkimizda-small-images-3.png\" class=\"vc_single_image-img attachment-full\" alt=\"\" title=\"hakkimizda-small-images-3\" srcset=\"https:\/\/lojistikmerkezi.net\/wp-content\/uploads\/2024\/04\/hakkimizda-small-images-3.png 1512w, https:\/\/lojistikmerkezi.net\/wp-content\/uploads\/2024\/04\/hakkimizda-small-images-3-240x300.png 240w, https:\/\/lojistikmerkezi.net\/wp-content\/uploads\/2024\/04\/hakkimizda-small-images-3-819x1024.png 819w, https:\/\/lojistikmerkezi.net\/wp-content\/uploads\/2024\/04\/hakkimizda-small-images-3-768x960.png 768w, https:\/\/lojistikmerkezi.net\/wp-content\/uploads\/2024\/04\/hakkimizda-small-images-3-1229x1536.png 1229w, https:\/\/lojistikmerkezi.net\/wp-content\/uploads\/2024\/04\/hakkimizda-small-images-3-10x12.png 10w\" sizes=\"(max-width: 1512px) 100vw, 1512px\" \/><\/div>\n\t\t<\/figure>\n\t<\/div>\n<\/div><\/div><\/div><div class=\"wpb_column vc_column_container vc_col-sm-4\"><div class=\"vc_column-inner\"><div class=\"wpb_wrapper\">\n\t<div class=\"wpb_text_column wpb_content_element\" >\n\t\t<div class=\"wpb_wrapper\">\n\t\t\t<h1 class=\"h1kurumsal\" style=\"text-align: center;\">Vizyonumuz<\/h1>\n<p style=\"text-align: center;\">ETC Lojistik olarak, k\u00fcresel \u00f6l\u00e7ekte lojistik sekt\u00f6r\u00fcnde lider bir konumda olmay\u0131 hedefliyoruz. M\u00fc\u015fterilerimizin de\u011fi\u015fen ihtiya\u00e7lar\u0131n\u0131 en iyi \u015fekilde anlayarak, s\u00fcrekli olarak yenilik\u00e7i \u00e7\u00f6z\u00fcmler sunmak ve sekt\u00f6r\u00fcm\u00fczde \u00f6nc\u00fc bir marka olmak amac\u0131nday\u0131z. M\u00fc\u015fteri memnuniyetini her \u015feyin \u00f6n\u00fcnde tutarak, g\u00fcvenilirlik, kalite ve h\u0131z\u0131 bir arada sunarak m\u00fc\u015fterilerimizin beklentilerini en \u00fcst seviyede kar\u015f\u0131lamak i\u00e7in \u00e7al\u0131\u015f\u0131yoruz. Ayr\u0131ca, topluma ve \u00e7evreye kar\u015f\u0131 sorumluluklar\u0131m\u0131z\u0131n bilincinde olarak, s\u00fcrd\u00fcr\u00fclebilirlik ilkelerine ba\u011fl\u0131 kalarak i\u015f yapmay\u0131 ve topluma de\u011fer katmay\u0131 ama\u00e7l\u0131yoruz.<\/p>\n\n\t\t<\/div>\n\t<\/div>\n<\/div><\/div><\/div><div class=\"wpb_column vc_column_container vc_col-sm-4\"><div class=\"vc_column-inner\"><div class=\"wpb_wrapper\">\n\t<div  class=\"wpb_single_image wpb_content_element vc_align_right\">\n\t\t\n\t\t<figure class=\"wpb_wrapper vc_figure\">\n\t\t\t<div class=\"vc_single_image-wrapper   vc_box_border_grey\"><img loading=\"lazy\" decoding=\"async\" width=\"1512\" height=\"1890\" src=\"https:\/\/lojistikmerkezi.net\/wp-content\/uploads\/2024\/04\/hakkimizda-small-images-4.png\" class=\"vc_single_image-img attachment-full\" alt=\"\" title=\"hakkimizda-small-images-4\" srcset=\"https:\/\/lojistikmerkezi.net\/wp-content\/uploads\/2024\/04\/hakkimizda-small-images-4.png 1512w, https:\/\/lojistikmerkezi.net\/wp-content\/uploads\/2024\/04\/hakkimizda-small-images-4-240x300.png 240w, https:\/\/lojistikmerkezi.net\/wp-content\/uploads\/2024\/04\/hakkimizda-small-images-4-819x1024.png 819w, https:\/\/lojistikmerkezi.net\/wp-content\/uploads\/2024\/04\/hakkimizda-small-images-4-768x960.png 768w, https:\/\/lojistikmerkezi.net\/wp-content\/uploads\/2024\/04\/hakkimizda-small-images-4-1229x1536.png 1229w, https:\/\/lojistikmerkezi.net\/wp-content\/uploads\/2024\/04\/hakkimizda-small-images-4-10x12.png 10w\" sizes=\"(max-width: 1512px) 100vw, 1512px\" \/><\/div>\n\t\t<\/figure>\n\t<\/div>\n<\/div><\/div><\/div><\/div><div id=\"back-row-2\" data-vc-full-width=\"true\" data-vc-full-width-init=\"false\" data-vc-stretch-content=\"true\" class=\"vc_row wpb_row vc_row-fluid vc_row-no-padding vc_row-o-content-middle vc_row-flex\"><div class=\"wpb_column vc_column_container vc_col-sm-12\"><div class=\"vc_column-inner\"><div class=\"wpb_wrapper\"><\/div><\/div><\/div><\/div><div class=\"vc_row-full-width vc_clearfix\"><\/div><div id=\"misyon-row\" class=\"vc_row wpb_row vc_row-fluid\"><div class=\"wpb_column vc_column_container vc_col-sm-4\"><div class=\"vc_column-inner\"><div class=\"wpb_wrapper\">\n\t<div  class=\"wpb_single_image wpb_content_element vc_align_left\">\n\t\t\n\t\t<figure class=\"wpb_wrapper vc_figure\">\n\t\t\t<div class=\"vc_single_image-wrapper   vc_box_border_grey\"><img loading=\"lazy\" decoding=\"async\" width=\"1512\" height=\"1890\" src=\"https:\/\/lojistikmerkezi.net\/wp-content\/uploads\/2024\/04\/hakkimizda-small-images-5.png\" class=\"vc_single_image-img attachment-full\" alt=\"\" title=\"hakkimizda-small-images-5\" srcset=\"https:\/\/lojistikmerkezi.net\/wp-content\/uploads\/2024\/04\/hakkimizda-small-images-5.png 1512w, https:\/\/lojistikmerkezi.net\/wp-content\/uploads\/2024\/04\/hakkimizda-small-images-5-240x300.png 240w, https:\/\/lojistikmerkezi.net\/wp-content\/uploads\/2024\/04\/hakkimizda-small-images-5-819x1024.png 819w, https:\/\/lojistikmerkezi.net\/wp-content\/uploads\/2024\/04\/hakkimizda-small-images-5-768x960.png 768w, https:\/\/lojistikmerkezi.net\/wp-content\/uploads\/2024\/04\/hakkimizda-small-images-5-1229x1536.png 1229w, https:\/\/lojistikmerkezi.net\/wp-content\/uploads\/2024\/04\/hakkimizda-small-images-5-10x12.png 10w\" sizes=\"(max-width: 1512px) 100vw, 1512px\" \/><\/div>\n\t\t<\/figure>\n\t<\/div>\n<\/div><\/div><\/div><div class=\"wpb_column vc_column_container vc_col-sm-4\"><div class=\"vc_column-inner\"><div class=\"wpb_wrapper\">\n\t<div class=\"wpb_text_column wpb_content_element\" >\n\t\t<div class=\"wpb_wrapper\">\n\t\t\t<div class=\"wpb_text_column wpb_content_element\">\n<div class=\"wpb_wrapper\">\n<div class=\"divkurumsal\">\n<h1 class=\"h1kurumsal\" style=\"text-align: center;\">Misyonumuz<\/h1>\n<p style=\"text-align: center;\">Misyonumuz, m\u00fc\u015fterilerimizin lojistik ihtiya\u00e7lar\u0131n\u0131 kar\u015f\u0131lamak i\u00e7in en \u00fcst d\u00fczeyde kaliteli ve g\u00fcvenilir hizmetler sunmakt\u0131r. M\u00fc\u015fteri odakl\u0131 yakla\u015f\u0131m\u0131m\u0131zla, onlar\u0131n beklentilerini a\u015fmay\u0131 ve s\u00fcrekli memnuniyetlerini sa\u011flamay\u0131 ama\u00e7l\u0131yoruz. Ayn\u0131 zamanda, teknolojiyi s\u00fcrekli olarak takip ederek ve i\u015f s\u00fcre\u00e7lerimizi s\u00fcrekli iyile\u015ftirerek, verimlili\u011fi art\u0131rmak ve maliyetleri d\u00fc\u015f\u00fcrmek i\u00e7in \u00e7aba harc\u0131yoruz. \u00c7al\u0131\u015fanlar\u0131m\u0131z\u0131n yeteneklerini geli\u015ftirmeleri ve potansiyellerini en \u00fcst d\u00fczeyde kullanmalar\u0131 i\u00e7in destekleyici bir ortam sa\u011fl\u0131yoruz. Ayr\u0131ca, \u00e7evresel ve toplumsal sorumluluklar\u0131m\u0131z\u0131 yerine getirerek, s\u00fcrd\u00fcr\u00fclebilir bir gelecek i\u00e7in \u00e7aba sarf ediyor ve topluma katk\u0131 sa\u011flamay\u0131 ama\u00e7l\u0131yoruz.<\/p>\n<\/div>\n<\/div>\n<\/div>\n\n\t\t<\/div>\n\t<\/div>\n<\/div><\/div><\/div><div class=\"wpb_column vc_column_container vc_col-sm-4\"><div class=\"vc_column-inner\"><div class=\"wpb_wrapper\">\n\t<div  class=\"wpb_single_image wpb_content_element vc_align_right\">\n\t\t\n\t\t<figure class=\"wpb_wrapper vc_figure\">\n\t\t\t<div class=\"vc_single_image-wrapper   vc_box_border_grey\"><img loading=\"lazy\" decoding=\"async\" width=\"1512\" height=\"1890\" src=\"https:\/\/lojistikmerkezi.net\/wp-content\/uploads\/2024\/04\/hakkimizda-small-images-6.png\" class=\"vc_single_image-img attachment-full\" alt=\"\" title=\"hakkimizda-small-images-6\" srcset=\"https:\/\/lojistikmerkezi.net\/wp-content\/uploads\/2024\/04\/hakkimizda-small-images-6.png 1512w, https:\/\/lojistikmerkezi.net\/wp-content\/uploads\/2024\/04\/hakkimizda-small-images-6-240x300.png 240w, https:\/\/lojistikmerkezi.net\/wp-content\/uploads\/2024\/04\/hakkimizda-small-images-6-819x1024.png 819w, https:\/\/lojistikmerkezi.net\/wp-content\/uploads\/2024\/04\/hakkimizda-small-images-6-768x960.png 768w, https:\/\/lojistikmerkezi.net\/wp-content\/uploads\/2024\/04\/hakkimizda-small-images-6-1229x1536.png 1229w, https:\/\/lojistikmerkezi.net\/wp-content\/uploads\/2024\/04\/hakkimizda-small-images-6-10x12.png 10w\" sizes=\"(max-width: 1512px) 100vw, 1512px\" \/><\/div>\n\t\t<\/figure>\n\t<\/div>\n<\/div><\/div><\/div><\/div><div id=\"back-row-3\" data-vc-full-width=\"true\" data-vc-full-width-init=\"false\" data-vc-stretch-content=\"true\" class=\"vc_row wpb_row vc_row-fluid vc_row-no-padding vc_row-o-content-middle vc_row-flex\"><div class=\"wpb_column vc_column_container vc_col-sm-12\"><div class=\"vc_column-inner\"><div class=\"wpb_wrapper\"><\/div><\/div><\/div><\/div><div class=\"vc_row-full-width vc_clearfix\"><\/div>\n<\/div>","protected":false},"excerpt":{"rendered":"Hakk\u0131m\u0131zda 1997 y\u0131l\u0131nda Mobilya pazarlamas\u0131 ile \u0130hracat sekt\u00f6r\u00fcnde faaliyete ba\u015flad\u0131ktan sonra Avrupa ile yapt\u0131\u011f\u0131m\u0131z bir\u00e7ok ticaret sonras\u0131 ikili ili\u015fkilerimizin geli\u015fmesi","protected":false},"author":1,"featured_media":0,"parent":0,"menu_order":0,"comment_status":"closed","ping_status":"closed","template":"","meta":{"footnotes":""},"yoast_head":"<!-- This site is optimized with the Yoast SEO plugin v23.0 - https:\/\/yoast.com\/wordpress\/plugins\/seo\/ -->\n<title>Hakk\u0131m\u0131zda - Lojistik Merkezi<\/title>\n<meta name=\"robots\" content=\"index, follow, max-snippet:-1, max-image-preview:large, max-video-preview:-1\" \/>\n<link rel=\"canonical\" href=\"https:\/\/lojistikmerkezi.net\/en\/hakkimizda\/\" \/>\n<meta property=\"og:locale\" content=\"en_US\" \/>\n<meta property=\"og:type\" content=\"article\" \/>\n<meta property=\"og:title\" content=\"Hakk\u0131m\u0131zda - Lojistik Merkezi\" \/>\n<meta property=\"og:url\" content=\"https:\/\/lojistikmerkezi.net\/en\/hakkimizda\/\" \/>\n<meta property=\"og:site_name\" content=\"Lojistik Merkezi\" \/>\n<meta property=\"article:modified_time\" content=\"2024-04-26T10:17:49+00:00\" \/>\n<meta property=\"og:image\" content=\"https:\/\/lojistikmerkezi.net\/wp-content\/uploads\/2024\/04\/lojistik-merkezi-seo-logo-1.jpg\" \/>\n\t<meta property=\"og:image:width\" content=\"1200\" \/>\n\t<meta property=\"og:image:height\" content=\"675\" \/>\n\t<meta property=\"og:image:type\" content=\"image\/jpeg\" \/>\n<meta name=\"twitter:card\" content=\"summary_large_image\" \/>\n<meta name=\"twitter:label1\" content=\"Est. reading time\" \/>\n\t<meta name=\"twitter:data1\" content=\"4 minutes\" \/>\n<script type=\"application\/ld+json\" class=\"yoast-schema-graph\">{\"@context\":\"https:\/\/schema.org\",\"@graph\":[{\"@type\":\"WebPage\",\"@id\":\"https:\/\/lojistikmerkezi.net\/hakkimizda\/\",\"url\":\"https:\/\/lojistikmerkezi.net\/hakkimizda\/\",\"name\":\"Hakk\u0131m\u0131zda - Lojistik Merkezi\",\"isPartOf\":{\"@id\":\"https:\/\/lojistikmerkezi.net\/#website\"},\"datePublished\":\"2024-04-15T07:52:56+00:00\",\"dateModified\":\"2024-04-26T10:17:49+00:00\",\"breadcrumb\":{\"@id\":\"https:\/\/lojistikmerkezi.net\/hakkimizda\/#breadcrumb\"},\"inLanguage\":\"en-US\",\"potentialAction\":[{\"@type\":\"ReadAction\",\"target\":[\"https:\/\/lojistikmerkezi.net\/hakkimizda\/\"]}]},{\"@type\":\"BreadcrumbList\",\"@id\":\"https:\/\/lojistikmerkezi.net\/hakkimizda\/#breadcrumb\",\"itemListElement\":[{\"@type\":\"ListItem\",\"position\":1,\"name\":\"Anasayfa\",\"item\":\"https:\/\/lojistikmerkezi.net\/\"},{\"@type\":\"ListItem\",\"position\":2,\"name\":\"Hakk\u0131m\u0131zda\"}]},{\"@type\":\"WebSite\",\"@id\":\"https:\/\/lojistikmerkezi.net\/#website\",\"url\":\"https:\/\/lojistikmerkezi.net\/\",\"name\":\"Lojistik Merkezi\",\"description\":\"Kargo mu var? Lojisti\u011fini bize b\u0131rak!\",\"publisher\":{\"@id\":\"https:\/\/lojistikmerkezi.net\/#organization\"},\"alternateName\":\"Lojistik Merkezi | ETC Lojistik\",\"potentialAction\":[{\"@type\":\"SearchAction\",\"target\":{\"@type\":\"EntryPoint\",\"urlTemplate\":\"https:\/\/lojistikmerkezi.net\/?s={search_term_string}\"},\"query-input\":\"required name=search_term_string\"}],\"inLanguage\":\"en-US\"},{\"@type\":\"Organization\",\"@id\":\"https:\/\/lojistikmerkezi.net\/#organization\",\"name\":\"Lojistik Merkezi\",\"alternateName\":\"ETC Lojistik\",\"url\":\"https:\/\/lojistikmerkezi.net\/\",\"logo\":{\"@type\":\"ImageObject\",\"inLanguage\":\"en-US\",\"@id\":\"https:\/\/lojistikmerkezi.net\/#\/schema\/logo\/image\/\",\"url\":\"https:\/\/lojistikmerkezi.net\/wp-content\/uploads\/2024\/04\/lojistik-merkezi-seo-logo-2.jpg\",\"contentUrl\":\"https:\/\/lojistikmerkezi.net\/wp-content\/uploads\/2024\/04\/lojistik-merkezi-seo-logo-2.jpg\",\"width\":696,\"height\":696,\"caption\":\"Lojistik Merkezi\"},\"image\":{\"@id\":\"https:\/\/lojistikmerkezi.net\/#\/schema\/logo\/image\/\"},\"sameAs\":[\"https:\/\/www.instagram.com\/avrupaparsiyellojistik\/\"]}]}<\/script>\n<!-- \/ Yoast SEO plugin. -->","yoast_head_json":{"title":"Hakk\u0131m\u0131zda - Lojistik Merkezi","robots":{"index":"index","follow":"follow","max-snippet":"max-snippet:-1","max-image-preview":"max-image-preview:large","max-video-preview":"max-video-preview:-1"},"canonical":"https:\/\/lojistikmerkezi.net\/en\/hakkimizda\/","og_locale":"en_US","og_type":"article","og_title":"Hakk\u0131m\u0131zda - Lojistik Merkezi","og_url":"https:\/\/lojistikmerkezi.net\/en\/hakkimizda\/","og_site_name":"Lojistik Merkezi","article_modified_time":"2024-04-26T10:17:49+00:00","og_image":[{"width":1200,"height":675,"url":"https:\/\/lojistikmerkezi.net\/wp-content\/uploads\/2024\/04\/lojistik-merkezi-seo-logo-1.jpg","type":"image\/jpeg"}],"twitter_card":"summary_large_image","twitter_misc":{"Est. reading time":"4 minutes"},"schema":{"@context":"https:\/\/schema.org","@graph":[{"@type":"WebPage","@id":"https:\/\/lojistikmerkezi.net\/hakkimizda\/","url":"https:\/\/lojistikmerkezi.net\/hakkimizda\/","name":"Hakk\u0131m\u0131zda - Lojistik Merkezi","isPartOf":{"@id":"https:\/\/lojistikmerkezi.net\/#website"},"datePublished":"2024-04-15T07:52:56+00:00","dateModified":"2024-04-26T10:17:49+00:00","breadcrumb":{"@id":"https:\/\/lojistikmerkezi.net\/hakkimizda\/#breadcrumb"},"inLanguage":"en-US","potentialAction":[{"@type":"ReadAction","target":["https:\/\/lojistikmerkezi.net\/hakkimizda\/"]}]},{"@type":"BreadcrumbList","@id":"https:\/\/lojistikmerkezi.net\/hakkimizda\/#breadcrumb","itemListElement":[{"@type":"ListItem","position":1,"name":"Anasayfa","item":"https:\/\/lojistikmerkezi.net\/"},{"@type":"ListItem","position":2,"name":"Hakk\u0131m\u0131zda"}]},{"@type":"WebSite","@id":"https:\/\/lojistikmerkezi.net\/#website","url":"https:\/\/lojistikmerkezi.net\/","name":"Lojistik Merkezi","description":"Kargo mu var? Lojisti\u011fini bize b\u0131rak!","publisher":{"@id":"https:\/\/lojistikmerkezi.net\/#organization"},"alternateName":"Lojistik Merkezi | ETC Lojistik","potentialAction":[{"@type":"SearchAction","target":{"@type":"EntryPoint","urlTemplate":"https:\/\/lojistikmerkezi.net\/?s={search_term_string}"},"query-input":"required name=search_term_string"}],"inLanguage":"en-US"},{"@type":"Organization","@id":"https:\/\/lojistikmerkezi.net\/#organization","name":"Lojistik Merkezi","alternateName":"ETC Lojistik","url":"https:\/\/lojistikmerkezi.net\/","logo":{"@type":"ImageObject","inLanguage":"en-US","@id":"https:\/\/lojistikmerkezi.net\/#\/schema\/logo\/image\/","url":"https:\/\/lojistikmerkezi.net\/wp-content\/uploads\/2024\/04\/lojistik-merkezi-seo-logo-2.jpg","contentUrl":"https:\/\/lojistikmerkezi.net\/wp-content\/uploads\/2024\/04\/lojistik-merkezi-seo-logo-2.jpg","width":696,"height":696,"caption":"Lojistik Merkezi"},"image":{"@id":"https:\/\/lojistikmerkezi.net\/#\/schema\/logo\/image\/"},"sameAs":["https:\/\/www.instagram.com\/avrupaparsiyellojistik\/"]}]}},"_links":{"self":[{"href":"https:\/\/lojistikmerkezi.net\/en\/wp-json\/wp\/v2\/pages\/37"}],"collection":[{"href":"https:\/\/lojistikmerkezi.net\/en\/wp-json\/wp\/v2\/pages"}],"about":[{"href":"https:\/\/lojistikmerkezi.net\/en\/wp-json\/wp\/v2\/types\/page"}],"author":[{"embeddable":true,"href":"https:\/\/lojistikmerkezi.net\/en\/wp-json\/wp\/v2\/users\/1"}],"replies":[{"embeddable":true,"href":"https:\/\/lojistikmerkezi.net\/en\/wp-json\/wp\/v2\/comments?post=37"}],"version-history":[{"count":6,"href":"https:\/\/lojistikmerkezi.net\/en\/wp-json\/wp\/v2\/pages\/37\/revisions"}],"predecessor-version":[{"id":169,"href":"https:\/\/lojistikmerkezi.net\/en\/wp-json\/wp\/v2\/pages\/37\/revisions\/169"}],"wp:attachment":[{"href":"https:\/\/lojistikmerkezi.net\/en\/wp-json\/wp\/v2\/media?parent=37"}],"curies":[{"name":"wp","href":"https:\/\/api.w.org\/{rel}","templated":true}]}}