{"id":39,"date":"2024-04-15T10:53:20","date_gmt":"2024-04-15T07:53:20","guid":{"rendered":"https:\/\/lojistikmerkezi.net\/?page_id=39"},"modified":"2026-01-26T15:12:26","modified_gmt":"2026-01-26T12:12:26","slug":"iletisim","status":"publish","type":"page","link":"https:\/\/lojistikmerkezi.net\/en\/iletisim\/","title":{"rendered":"\u0130leti\u015fim"},"content":{"rendered":"<div class=\"wpb-content-wrapper\"><div id=\"fabrikta-text-row\" data-vc-full-width=\"true\" data-vc-full-width-init=\"false\" data-vc-stretch-content=\"true\" class=\"vc_row wpb_row vc_row-fluid vc_row-no-padding vc_row-o-content-middle vc_row-flex\"><div class=\"wpb_column vc_column_container vc_col-sm-12\"><div class=\"vc_column-inner\"><div class=\"wpb_wrapper\">\n\t<div class=\"wpb_text_column wpb_content_element\" >\n\t\t<div class=\"wpb_wrapper\">\n\t\t\t<h1 style=\"text-align: center;\">Lojistik Deposu<\/h1>\n\n\t\t<\/div>\n\t<\/div>\n<\/div><\/div><\/div><\/div><div class=\"vc_row-full-width vc_clearfix\"><\/div><div id=\"pmmap-row\" data-vc-full-width=\"true\" data-vc-full-width-init=\"false\" data-vc-stretch-content=\"true\" class=\"vc_row wpb_row vc_row-fluid vc_row-no-padding\"><div class=\"wpb_column vc_column_container vc_col-sm-12\"><div class=\"vc_column-inner\"><div class=\"wpb_wrapper\"><div class=\"wpb_gmaps_widget wpb_content_element\"><div class=\"wpb_wrapper\"><div class=\"wpb_map_wraper\"><iframe src=\"https:\/\/www.google.com\/maps\/embed?pb=!1m18!1m12!1m3!1d3052.564638224457!2d29.492484400000002!3d40.085122299999995!2m3!1f0!2f0!3f0!3m2!1i1024!2i768!4f13.1!3m3!1m2!1s0x14cbcbaaef620815%3A0xfdc9623eb0d704a2!2zTE9KxLBTVMSwSyBNRVJLRVrEsCAoWVVSVERJxZ5JIFBBUlPEsFlFTCBUQcWeSU1BQ0lMSUsgVkUgR8OcTVLDnEtMRU1FIEjEsFpNRVRMRVLEsCAp!5e0!3m2!1str!2str!4v1769429483899!5m2!1str!2str\" width=\"600\" height=\"450\" style=\"border:0;\" allowfullscreen=\"\" loading=\"lazy\" referrerpolicy=\"no-referrer-when-downgrade\"><\/iframe><\/div><\/div><\/div><\/div><\/div><\/div><\/div><div class=\"vc_row-full-width vc_clearfix\"><\/div><div id=\"form-information\" class=\"vc_row wpb_row vc_row-fluid\"><div class=\"wpb_column vc_column_container vc_col-sm-6\"><div class=\"vc_column-inner\"><div class=\"wpb_wrapper\">\n\t<div class=\"wpb_text_column wpb_content_element\" >\n\t\t<div class=\"wpb_wrapper\">\n\t\t\t<h3>\u0130leti\u015fim Bilgilerimiz;<\/h3>\n\n\t\t<\/div>\n\t<\/div>\n\n\t<div class=\"wpb_text_column wpb_content_element\" >\n\t\t<div class=\"wpb_wrapper\">\n\t\t\t<div class=\"contact-form-content\">\n<div class=\"contact-icon\"><img decoding=\"async\" src=\"\/wp-content\/uploads\/2024\/04\/konum-icon.png\" \/><\/div>\n<div class=\"content-title\">\n<h4>ADRES<\/h4>\n<div class=\"content-href\">\n<div class=\"content-href\">\n<div class=\"Tolbie\">\n<div class=\"F2yIXb\"><a href=\"https:\/\/maps.app.goo.gl\/hY2ri1a6iJ72LXzFA\">S\u00fcleymaniye, Funda Sk. No:6\/A, 16400 \u0130neg\u00f6l\/Bursa<\/a><\/div>\n<\/div>\n<\/div>\n<\/div>\n<\/div>\n<\/div>\n\n\t\t<\/div>\n\t<\/div>\n\n\t<div class=\"wpb_text_column wpb_content_element\" >\n\t\t<div class=\"wpb_wrapper\">\n\t\t\t<div class=\"contact-form-content\">\n<div class=\"contact-icon\"><img decoding=\"async\" src=\"\/wp-content\/uploads\/2024\/04\/telefon-icon.png\" \/><\/div>\n<div class=\"content-title\">\n<h4>TELEFON<\/h4>\n<div class=\"content-href\">Tel:\u00a0<a href=\"tel:+902247160716\" target=\"_blank\" rel=\"noopener\"> (0224) 716 07 16<\/a><\/div>\n<div>Ufuk G\u00fcm\u00fc\u015f : <a href=\"tel:05322037223\">0532 203 72 23<\/a><\/div>\n<div>Emre Baytemur: <a href=\"tel:+905366576600\">0536 657 66 00<\/a><\/div>\n<\/div>\n<\/div>\n\n\t\t<\/div>\n\t<\/div>\n\n\t<div class=\"wpb_text_column wpb_content_element\" >\n\t\t<div class=\"wpb_wrapper\">\n\t\t\t<div class=\"contact-form-content\">\n<div class=\"contact-icon\"><img decoding=\"async\" src=\"\/wp-content\/uploads\/2024\/04\/mail-icon.png\" \/><\/div>\n<div class=\"content-title\">\n<h4>E-POSTA<\/h4>\n<div class=\"content-href\"><a title=\"E-MAIL\" href=\"mailto:info@lojistikmerkezi.net\" target=\"_blank\" rel=\"noopener\">info@lojistikmerkezi.net<\/a><\/div>\n<\/div>\n<\/div>\n\n\t\t<\/div>\n\t<\/div>\n<\/div><\/div><\/div><div class=\"wpb_column vc_column_container vc_col-sm-6\"><div class=\"vc_column-inner\"><div class=\"wpb_wrapper\">\n\t<div class=\"wpb_text_column wpb_content_element\" >\n\t\t<div class=\"wpb_wrapper\">\n\t\t\t<h3>\u0130leti\u015fim Formu;<\/h3>\n\n\t\t<\/div>\n\t<\/div>\n\n<div class=\"wpcf7 no-js\" id=\"wpcf7-f177-o1\" lang=\"tr-TR\" dir=\"ltr\">\n<div class=\"screen-reader-response\"><p role=\"status\" aria-live=\"polite\" aria-atomic=\"true\"><\/p> <ul><\/ul><\/div>\n<form action=\"\/en\/wp-json\/wp\/v2\/pages\/39#wpcf7-f177-o1\" method=\"post\" class=\"wpcf7-form init\" aria-label=\"\u0130leti\u015fim Formu\" novalidate=\"novalidate\" data-status=\"init\" data-trp-original-action=\"\/en\/wp-json\/wp\/v2\/pages\/39#wpcf7-f177-o1\">\n<div style=\"display: none;\">\n<input type=\"hidden\" name=\"_wpcf7\" value=\"177\" \/>\n<input type=\"hidden\" name=\"_wpcf7_version\" value=\"5.9.8\" \/>\n<input type=\"hidden\" name=\"_wpcf7_locale\" value=\"tr_TR\" \/>\n<input type=\"hidden\" name=\"_wpcf7_unit_tag\" value=\"wpcf7-f177-o1\" \/>\n<input type=\"hidden\" name=\"_wpcf7_container_post\" value=\"0\" \/>\n<input type=\"hidden\" name=\"_wpcf7_posted_data_hash\" value=\"\" \/>\n<\/div>\n<p><label> Ad\u0131n\u0131z<br \/>\n<span class=\"wpcf7-form-control-wrap\" data-name=\"your-name\"><input size=\"40\" maxlength=\"400\" class=\"wpcf7-form-control wpcf7-text wpcf7-validates-as-required\" autocomplete=\"name\" aria-required=\"true\" aria-invalid=\"false\" value=\"\" type=\"text\" name=\"your-name\" \/><\/span> <\/label>\n<\/p>\n<p><label> E-posta adresiniz<br \/>\n<span class=\"wpcf7-form-control-wrap\" data-name=\"your-email\"><input size=\"40\" maxlength=\"400\" class=\"wpcf7-form-control wpcf7-email wpcf7-validates-as-required wpcf7-text wpcf7-validates-as-email\" autocomplete=\"email\" aria-required=\"true\" aria-invalid=\"false\" value=\"\" type=\"email\" name=\"your-email\" \/><\/span> <\/label>\n<\/p>\n<p><label> Konu<br \/>\n<span class=\"wpcf7-form-control-wrap\" data-name=\"your-subject\"><input size=\"40\" maxlength=\"400\" class=\"wpcf7-form-control wpcf7-text wpcf7-validates-as-required\" aria-required=\"true\" aria-invalid=\"false\" value=\"\" type=\"text\" name=\"your-subject\" \/><\/span> <\/label>\n<\/p>\n<p><label> \u0130letiniz (tercihe ba\u011fl\u0131)<br \/>\n<span class=\"wpcf7-form-control-wrap\" data-name=\"your-message\"><textarea cols=\"40\" rows=\"10\" maxlength=\"2000\" class=\"wpcf7-form-control wpcf7-textarea\" aria-invalid=\"false\" name=\"your-message\"><\/textarea><\/span> <\/label>\n<\/p>\n<p><input class=\"wpcf7-form-control wpcf7-submit has-spinner\" type=\"submit\" value=\"G\u00f6nder\" \/>\n<\/p><div class=\"wpcf7-response-output\" aria-hidden=\"true\"><\/div>\n<input type=\"hidden\" name=\"trp-form-language\" value=\"en\"\/><\/form>\n<\/div>\n<\/div><\/div><\/div><\/div><div id=\"fabrikta-text-row\" data-vc-full-width=\"true\" data-vc-full-width-init=\"false\" data-vc-stretch-content=\"true\" class=\"vc_row wpb_row vc_row-fluid vc_row-no-padding vc_row-o-content-middle vc_row-flex\"><div class=\"wpb_column vc_column_container vc_col-sm-12\"><div class=\"vc_column-inner\"><div class=\"wpb_wrapper\">\n\t<div class=\"wpb_text_column wpb_content_element\" >\n\t\t<div class=\"wpb_wrapper\">\n\t\t\t<h1 style=\"text-align: center;\">Ofis<\/h1>\n\n\t\t<\/div>\n\t<\/div>\n<\/div><\/div><\/div><\/div><div class=\"vc_row-full-width vc_clearfix\"><\/div><div id=\"pmmap-row\" data-vc-full-width=\"true\" data-vc-full-width-init=\"false\" data-vc-stretch-content=\"true\" class=\"vc_row wpb_row vc_row-fluid vc_row-no-padding\"><div class=\"wpb_column vc_column_container vc_col-sm-12\"><div class=\"vc_column-inner\"><div class=\"wpb_wrapper\"><div class=\"wpb_gmaps_widget wpb_content_element\"><div class=\"wpb_wrapper\"><div class=\"wpb_map_wraper\"><iframe src=\"https:\/\/www.google.com\/maps\/embed?pb=!1m18!1m12!1m3!1d3051.087656877156!2d29.441386875673274!3d40.11804997148923!2m3!1f0!2f0!3f0!3m2!1i1024!2i768!4f13.1!3m3!1m2!1s0x14cbcb177885a44d%3A0x112bde2011d3cb46!2sLojistik%20Merkezi%20Ofis!5e0!3m2!1str!2str!4v1714375721890!5m2!1str!2str\" width=\"600\" height=\"450\" style=\"border:0;\" allowfullscreen=\"\" loading=\"lazy\" referrerpolicy=\"no-referrer-when-downgrade\"><\/iframe><\/div><\/div><\/div><\/div><\/div><\/div><\/div><div class=\"vc_row-full-width vc_clearfix\"><\/div><div id=\"form-information\" class=\"vc_row wpb_row vc_row-fluid\"><div class=\"wpb_column vc_column_container vc_col-sm-6\"><div class=\"vc_column-inner\"><div class=\"wpb_wrapper\">\n\t<div class=\"wpb_text_column wpb_content_element\" >\n\t\t<div class=\"wpb_wrapper\">\n\t\t\t<h3>\u0130leti\u015fim Bilgilerimiz;<\/h3>\n\n\t\t<\/div>\n\t<\/div>\n\n\t<div class=\"wpb_text_column wpb_content_element\" >\n\t\t<div class=\"wpb_wrapper\">\n\t\t\t<div class=\"contact-form-content\">\n<div class=\"contact-icon\"><img decoding=\"async\" src=\"\/wp-content\/uploads\/2024\/04\/konum-icon.png\" \/><\/div>\n<div class=\"content-title\">\n<h4>ADRES<\/h4>\n<div class=\"content-href\">\n<div class=\"content-href\"><a tabindex=\"0\" href=\"https:\/\/www.google.com\/maps\/place\/\/data=!4m2!3m1!1s0x14cbcb177885a44d:0x112bde2011d3cb46?sa=X&amp;ved=1t:8290&amp;hl=tr&amp;ictx=111\" data-url=\"\/maps\/place\/\/data=!4m2!3m1!1s0x14cbcb177885a44d:0x112bde2011d3cb46?sa=X&amp;ved=2ahUKEwjq3qvM8uaFAxVs1gIHHXMWAbYQ4kB6BAhAEAA&amp;hl=tr\">Yenicek\u00f6y, Mobilyac\u0131lar Cd Mobiliyum Avm<\/a><\/div>\n<div class=\"content-href\"><a tabindex=\"0\" href=\"https:\/\/www.google.com\/maps\/place\/\/data=!4m2!3m1!1s0x14cbcb177885a44d:0x112bde2011d3cb46?sa=X&amp;ved=1t:8290&amp;hl=tr&amp;ictx=111\" data-url=\"\/maps\/place\/\/data=!4m2!3m1!1s0x14cbcb177885a44d:0x112bde2011d3cb46?sa=X&amp;ved=2ahUKEwjq3qvM8uaFAxVs1gIHHXMWAbYQ4kB6BAhAEAA&amp;hl=tr\"> No 36, 16400 \u0130neg\u00f6l\/Bursa\/T\u00fcrkiye<\/a><\/div>\n<\/div>\n<\/div>\n<\/div>\n\n\t\t<\/div>\n\t<\/div>\n\n\t<div class=\"wpb_text_column wpb_content_element\" >\n\t\t<div class=\"wpb_wrapper\">\n\t\t\t<div class=\"contact-form-content\">\n<div class=\"contact-icon\"><img decoding=\"async\" src=\"\/wp-content\/uploads\/2024\/04\/telefon-icon.png\" \/><\/div>\n<div class=\"content-title\">\n<h4>TELEFON<\/h4>\n<div>Tel: <a href=\"tel:+02247160716\">(0224) 716 07 16<\/a><br \/>\nTel: <a href=\"tel:+905012512001\">501 251 20 01<\/a><\/div>\n<\/div>\n<\/div>\n\n\t\t<\/div>\n\t<\/div>\n\n\t<div class=\"wpb_text_column wpb_content_element\" >\n\t\t<div class=\"wpb_wrapper\">\n\t\t\t<div class=\"contact-form-content\">\n<div class=\"contact-icon\"><img decoding=\"async\" src=\"\/wp-content\/uploads\/2024\/04\/mail-icon.png\" \/><\/div>\n<div class=\"content-title\">\n<h4>E-POSTA<\/h4>\n<div class=\"content-href\"><a title=\"E-MAIL\" href=\"mailto:info@lojistikmerkezi.net\" target=\"_blank\" rel=\"noopener\">\u0130nfo@lojistikmerkezi.net<\/a><\/div>\n<\/div>\n<\/div>\n\n\t\t<\/div>\n\t<\/div>\n<\/div><\/div><\/div><div class=\"wpb_column vc_column_container vc_col-sm-6\"><div class=\"vc_column-inner\"><div class=\"wpb_wrapper\">\n\t<div class=\"wpb_text_column wpb_content_element\" >\n\t\t<div class=\"wpb_wrapper\">\n\t\t\t<h3>\u0130leti\u015fim Formu;<\/h3>\n\n\t\t<\/div>\n\t<\/div>\n\n<div class=\"wpcf7 no-js\" id=\"wpcf7-f177-o2\" lang=\"tr-TR\" dir=\"ltr\">\n<div class=\"screen-reader-response\"><p role=\"status\" aria-live=\"polite\" aria-atomic=\"true\"><\/p> <ul><\/ul><\/div>\n<form action=\"\/en\/wp-json\/wp\/v2\/pages\/39#wpcf7-f177-o2\" method=\"post\" class=\"wpcf7-form init\" aria-label=\"\u0130leti\u015fim Formu\" novalidate=\"novalidate\" data-status=\"init\" data-trp-original-action=\"\/en\/wp-json\/wp\/v2\/pages\/39#wpcf7-f177-o2\">\n<div style=\"display: none;\">\n<input type=\"hidden\" name=\"_wpcf7\" value=\"177\" \/>\n<input type=\"hidden\" name=\"_wpcf7_version\" value=\"5.9.8\" \/>\n<input type=\"hidden\" name=\"_wpcf7_locale\" value=\"tr_TR\" \/>\n<input type=\"hidden\" name=\"_wpcf7_unit_tag\" value=\"wpcf7-f177-o2\" \/>\n<input type=\"hidden\" name=\"_wpcf7_container_post\" value=\"0\" \/>\n<input type=\"hidden\" name=\"_wpcf7_posted_data_hash\" value=\"\" \/>\n<\/div>\n<p><label> Ad\u0131n\u0131z<br \/>\n<span class=\"wpcf7-form-control-wrap\" data-name=\"your-name\"><input size=\"40\" maxlength=\"400\" class=\"wpcf7-form-control wpcf7-text wpcf7-validates-as-required\" autocomplete=\"name\" aria-required=\"true\" aria-invalid=\"false\" value=\"\" type=\"text\" name=\"your-name\" \/><\/span> <\/label>\n<\/p>\n<p><label> E-posta adresiniz<br \/>\n<span class=\"wpcf7-form-control-wrap\" data-name=\"your-email\"><input size=\"40\" maxlength=\"400\" class=\"wpcf7-form-control wpcf7-email wpcf7-validates-as-required wpcf7-text wpcf7-validates-as-email\" autocomplete=\"email\" aria-required=\"true\" aria-invalid=\"false\" value=\"\" type=\"email\" name=\"your-email\" \/><\/span> <\/label>\n<\/p>\n<p><label> Konu<br \/>\n<span class=\"wpcf7-form-control-wrap\" data-name=\"your-subject\"><input size=\"40\" maxlength=\"400\" class=\"wpcf7-form-control wpcf7-text wpcf7-validates-as-required\" aria-required=\"true\" aria-invalid=\"false\" value=\"\" type=\"text\" name=\"your-subject\" \/><\/span> <\/label>\n<\/p>\n<p><label> \u0130letiniz (tercihe ba\u011fl\u0131)<br \/>\n<span class=\"wpcf7-form-control-wrap\" data-name=\"your-message\"><textarea cols=\"40\" rows=\"10\" maxlength=\"2000\" class=\"wpcf7-form-control wpcf7-textarea\" aria-invalid=\"false\" name=\"your-message\"><\/textarea><\/span> <\/label>\n<\/p>\n<p><input class=\"wpcf7-form-control wpcf7-submit has-spinner\" type=\"submit\" value=\"G\u00f6nder\" \/>\n<\/p><div class=\"wpcf7-response-output\" aria-hidden=\"true\"><\/div>\n<input type=\"hidden\" name=\"trp-form-language\" value=\"en\"\/><\/form>\n<\/div>\n<\/div><\/div><\/div><\/div>\n<\/div>","protected":false},"excerpt":{"rendered":"Lojistik Deposu \u0130leti\u015fim Bilgilerimiz; ADRES S\u00fcleymaniye, Funda Sk. No:6\/A, 16400 \u0130neg\u00f6l\/Bursa TELEFON Tel:\u00a0 (0224) 716 07 16 Ufuk G\u00fcm\u00fc\u015f :","protected":false},"author":1,"featured_media":0,"parent":0,"menu_order":0,"comment_status":"closed","ping_status":"closed","template":"","meta":{"footnotes":""},"yoast_head":"<!-- This site is optimized with the Yoast SEO plugin v23.0 - https:\/\/yoast.com\/wordpress\/plugins\/seo\/ -->\n<title>\u0130leti\u015fim - Lojistik Merkezi<\/title>\n<meta name=\"robots\" content=\"index, follow, max-snippet:-1, max-image-preview:large, max-video-preview:-1\" \/>\n<link rel=\"canonical\" href=\"https:\/\/lojistikmerkezi.net\/en\/iletisim\/\" \/>\n<meta property=\"og:locale\" content=\"en_US\" \/>\n<meta property=\"og:type\" content=\"article\" \/>\n<meta property=\"og:title\" content=\"\u0130leti\u015fim - Lojistik Merkezi\" \/>\n<meta property=\"og:url\" content=\"https:\/\/lojistikmerkezi.net\/en\/iletisim\/\" \/>\n<meta property=\"og:site_name\" content=\"Lojistik Merkezi\" \/>\n<meta property=\"article:modified_time\" content=\"2026-01-26T12:12:26+00:00\" \/>\n<meta property=\"og:image\" content=\"https:\/\/lojistikmerkezi.net\/wp-content\/uploads\/2024\/04\/lojistik-merkezi-seo-logo-1.jpg\" \/>\n\t<meta property=\"og:image:width\" content=\"1200\" \/>\n\t<meta property=\"og:image:height\" content=\"675\" \/>\n\t<meta property=\"og:image:type\" content=\"image\/jpeg\" \/>\n<meta name=\"twitter:card\" content=\"summary_large_image\" \/>\n<meta name=\"twitter:label1\" content=\"Est. reading time\" \/>\n\t<meta name=\"twitter:data1\" content=\"3 minutes\" \/>\n<script type=\"application\/ld+json\" class=\"yoast-schema-graph\">{\"@context\":\"https:\/\/schema.org\",\"@graph\":[{\"@type\":\"WebPage\",\"@id\":\"https:\/\/lojistikmerkezi.net\/iletisim\/\",\"url\":\"https:\/\/lojistikmerkezi.net\/iletisim\/\",\"name\":\"\u0130leti\u015fim - Lojistik Merkezi\",\"isPartOf\":{\"@id\":\"https:\/\/lojistikmerkezi.net\/#website\"},\"datePublished\":\"2024-04-15T07:53:20+00:00\",\"dateModified\":\"2026-01-26T12:12:26+00:00\",\"breadcrumb\":{\"@id\":\"https:\/\/lojistikmerkezi.net\/iletisim\/#breadcrumb\"},\"inLanguage\":\"en-US\",\"potentialAction\":[{\"@type\":\"ReadAction\",\"target\":[\"https:\/\/lojistikmerkezi.net\/iletisim\/\"]}]},{\"@type\":\"BreadcrumbList\",\"@id\":\"https:\/\/lojistikmerkezi.net\/iletisim\/#breadcrumb\",\"itemListElement\":[{\"@type\":\"ListItem\",\"position\":1,\"name\":\"Anasayfa\",\"item\":\"https:\/\/lojistikmerkezi.net\/\"},{\"@type\":\"ListItem\",\"position\":2,\"name\":\"\u0130leti\u015fim\"}]},{\"@type\":\"WebSite\",\"@id\":\"https:\/\/lojistikmerkezi.net\/#website\",\"url\":\"https:\/\/lojistikmerkezi.net\/\",\"name\":\"Lojistik Merkezi\",\"description\":\"Kargo mu var? Lojisti\u011fini bize b\u0131rak!\",\"publisher\":{\"@id\":\"https:\/\/lojistikmerkezi.net\/#organization\"},\"alternateName\":\"Lojistik Merkezi | ETC Lojistik\",\"potentialAction\":[{\"@type\":\"SearchAction\",\"target\":{\"@type\":\"EntryPoint\",\"urlTemplate\":\"https:\/\/lojistikmerkezi.net\/?s={search_term_string}\"},\"query-input\":\"required name=search_term_string\"}],\"inLanguage\":\"en-US\"},{\"@type\":\"Organization\",\"@id\":\"https:\/\/lojistikmerkezi.net\/#organization\",\"name\":\"Lojistik Merkezi\",\"alternateName\":\"ETC Lojistik\",\"url\":\"https:\/\/lojistikmerkezi.net\/\",\"logo\":{\"@type\":\"ImageObject\",\"inLanguage\":\"en-US\",\"@id\":\"https:\/\/lojistikmerkezi.net\/#\/schema\/logo\/image\/\",\"url\":\"https:\/\/lojistikmerkezi.net\/wp-content\/uploads\/2024\/04\/lojistik-merkezi-seo-logo-2.jpg\",\"contentUrl\":\"https:\/\/lojistikmerkezi.net\/wp-content\/uploads\/2024\/04\/lojistik-merkezi-seo-logo-2.jpg\",\"width\":696,\"height\":696,\"caption\":\"Lojistik Merkezi\"},\"image\":{\"@id\":\"https:\/\/lojistikmerkezi.net\/#\/schema\/logo\/image\/\"},\"sameAs\":[\"https:\/\/www.instagram.com\/avrupaparsiyellojistik\/\"]}]}<\/script>\n<!-- \/ Yoast SEO plugin. -->","yoast_head_json":{"title":"\u0130leti\u015fim - Lojistik Merkezi","robots":{"index":"index","follow":"follow","max-snippet":"max-snippet:-1","max-image-preview":"max-image-preview:large","max-video-preview":"max-video-preview:-1"},"canonical":"https:\/\/lojistikmerkezi.net\/en\/iletisim\/","og_locale":"en_US","og_type":"article","og_title":"\u0130leti\u015fim - Lojistik Merkezi","og_url":"https:\/\/lojistikmerkezi.net\/en\/iletisim\/","og_site_name":"Lojistik Merkezi","article_modified_time":"2026-01-26T12:12:26+00:00","og_image":[{"width":1200,"height":675,"url":"https:\/\/lojistikmerkezi.net\/wp-content\/uploads\/2024\/04\/lojistik-merkezi-seo-logo-1.jpg","type":"image\/jpeg"}],"twitter_card":"summary_large_image","twitter_misc":{"Est. reading time":"3 minutes"},"schema":{"@context":"https:\/\/schema.org","@graph":[{"@type":"WebPage","@id":"https:\/\/lojistikmerkezi.net\/iletisim\/","url":"https:\/\/lojistikmerkezi.net\/iletisim\/","name":"\u0130leti\u015fim - Lojistik Merkezi","isPartOf":{"@id":"https:\/\/lojistikmerkezi.net\/#website"},"datePublished":"2024-04-15T07:53:20+00:00","dateModified":"2026-01-26T12:12:26+00:00","breadcrumb":{"@id":"https:\/\/lojistikmerkezi.net\/iletisim\/#breadcrumb"},"inLanguage":"en-US","potentialAction":[{"@type":"ReadAction","target":["https:\/\/lojistikmerkezi.net\/iletisim\/"]}]},{"@type":"BreadcrumbList","@id":"https:\/\/lojistikmerkezi.net\/iletisim\/#breadcrumb","itemListElement":[{"@type":"ListItem","position":1,"name":"Anasayfa","item":"https:\/\/lojistikmerkezi.net\/"},{"@type":"ListItem","position":2,"name":"\u0130leti\u015fim"}]},{"@type":"WebSite","@id":"https:\/\/lojistikmerkezi.net\/#website","url":"https:\/\/lojistikmerkezi.net\/","name":"Lojistik Merkezi","description":"Kargo mu var? Lojisti\u011fini bize b\u0131rak!","publisher":{"@id":"https:\/\/lojistikmerkezi.net\/#organization"},"alternateName":"Lojistik Merkezi | ETC Lojistik","potentialAction":[{"@type":"SearchAction","target":{"@type":"EntryPoint","urlTemplate":"https:\/\/lojistikmerkezi.net\/?s={search_term_string}"},"query-input":"required name=search_term_string"}],"inLanguage":"en-US"},{"@type":"Organization","@id":"https:\/\/lojistikmerkezi.net\/#organization","name":"Lojistik Merkezi","alternateName":"ETC Lojistik","url":"https:\/\/lojistikmerkezi.net\/","logo":{"@type":"ImageObject","inLanguage":"en-US","@id":"https:\/\/lojistikmerkezi.net\/#\/schema\/logo\/image\/","url":"https:\/\/lojistikmerkezi.net\/wp-content\/uploads\/2024\/04\/lojistik-merkezi-seo-logo-2.jpg","contentUrl":"https:\/\/lojistikmerkezi.net\/wp-content\/uploads\/2024\/04\/lojistik-merkezi-seo-logo-2.jpg","width":696,"height":696,"caption":"Lojistik Merkezi"},"image":{"@id":"https:\/\/lojistikmerkezi.net\/#\/schema\/logo\/image\/"},"sameAs":["https:\/\/www.instagram.com\/avrupaparsiyellojistik\/"]}]}},"_links":{"self":[{"href":"https:\/\/lojistikmerkezi.net\/en\/wp-json\/wp\/v2\/pages\/39"}],"collection":[{"href":"https:\/\/lojistikmerkezi.net\/en\/wp-json\/wp\/v2\/pages"}],"about":[{"href":"https:\/\/lojistikmerkezi.net\/en\/wp-json\/wp\/v2\/types\/page"}],"author":[{"embeddable":true,"href":"https:\/\/lojistikmerkezi.net\/en\/wp-json\/wp\/v2\/users\/1"}],"replies":[{"embeddable":true,"href":"https:\/\/lojistikmerkezi.net\/en\/wp-json\/wp\/v2\/comments?post=39"}],"version-history":[{"count":13,"href":"https:\/\/lojistikmerkezi.net\/en\/wp-json\/wp\/v2\/pages\/39\/revisions"}],"predecessor-version":[{"id":351,"href":"https:\/\/lojistikmerkezi.net\/en\/wp-json\/wp\/v2\/pages\/39\/revisions\/351"}],"wp:attachment":[{"href":"https:\/\/lojistikmerkezi.net\/en\/wp-json\/wp\/v2\/media?parent=39"}],"curies":[{"name":"wp","href":"https:\/\/api.w.org\/{rel}","templated":true}]}}