{"id":41,"date":"2024-04-15T10:53:53","date_gmt":"2024-04-15T07:53:53","guid":{"rendered":"https:\/\/lojistikmerkezi.net\/?page_id=41"},"modified":"2024-05-07T15:01:09","modified_gmt":"2024-05-07T12:01:09","slug":"hizmetlerimiz","status":"publish","type":"page","link":"https:\/\/lojistikmerkezi.net\/en\/hizmetlerimiz\/","title":{"rendered":"Hizmetlerimiz"},"content":{"rendered":"<div class=\"wpb-content-wrapper\"><div id=\"selected-product-row\" class=\"vc_row wpb_row vc_row-fluid vc_column-gap-20 vc_row-o-equal-height vc_row-o-content-middle vc_row-flex\"><div class=\"wpb_column vc_column_container vc_col-sm-6\" id=\"text-col\"><div class=\"vc_column-inner\"><div class=\"wpb_wrapper\">\n\t<div class=\"wpb_text_column wpb_content_element\" >\n\t\t<div class=\"wpb_wrapper\">\n\t\t\t<div class=\"selected-product-container\">\n<h2><strong>Komple<\/strong> Ta\u015f\u0131mac\u0131l\u0131k<\/h2>\n<h4>\u0130\u015fletmenizin b\u00fcy\u00fck hacimli ta\u015f\u0131ma ihtiya\u00e7lar\u0131na \u00e7\u00f6z\u00fcm bulmak i\u00e7in buraday\u0131z! ETC Lojistik olarak, komple t\u0131r ta\u015f\u0131mac\u0131l\u0131\u011f\u0131 hizmetimizle, y\u00fcklerinizi g\u00fcvenle ve zaman\u0131nda hedef noktaya ula\u015ft\u0131r\u0131yoruz.<br \/>\nGeni\u015f a\u011f\u0131m\u0131z sayesinde, T\u00fcrkiye&#8217;nin d\u00f6rt bir yan\u0131ndan ba\u015fta Avrupa olmak \u00fczere, uluslararas\u0131 ta\u015f\u0131mac\u0131l\u0131kta g\u00fcvenilir bir partneriz. Profesyonel ekibimiz ve modern filomuzla, y\u00fcklerinizin en uygun ve verimli \u015fekilde ta\u015f\u0131nmas\u0131n\u0131 sa\u011fl\u0131yoruz.<\/h4>\n<p><a href=\"\/en\/komple-tasimacilik\/\">Ke\u015ffet<\/a><\/p>\n<\/div>\n\n\t\t<\/div>\n\t<\/div>\n<\/div><\/div><\/div><div class=\"wpb_column vc_column_container vc_col-sm-6\"><div class=\"vc_column-inner\"><div class=\"wpb_wrapper\">\t\t\t<link rel=\"stylesheet\" id=\"wd-photoswipe-css\" href=\"https:\/\/lojistikmerkezi.net\/wp-content\/themes\/pixel-wp\/css\/parts\/lib-photoswipe.min.css?ver=6.1\" type=\"text\/css\" media=\"all\" \/> \t\t\t\t\t\t<link rel=\"stylesheet\" id=\"wd-owl-carousel-css\" href=\"https:\/\/lojistikmerkezi.net\/wp-content\/themes\/pixel-wp\/css\/parts\/lib-owl-carousel.min.css?ver=6.1\" type=\"text\/css\" media=\"all\" \/> \t\t\t\t\t\t<link rel=\"stylesheet\" id=\"wd-image-gallery-css\" href=\"https:\/\/lojistikmerkezi.net\/wp-content\/themes\/pixel-wp\/css\/parts\/el-gallery.min.css?ver=6.1\" type=\"text\/css\" media=\"all\" \/> \t\t\t\t\t<div id=\"gallery_514\" class=\"wd-images-gallery wd-justify-center wd-items-middle view-carousel photoswipe-images wd-carousel-spacing-0 wd-carousel-container\" data-owl-carousel data-wrap=\"no\" data-hide_pagination_control=\"yes\" data-hide_prev_next_buttons=\"no\" data-desktop=\"1\" data-tablet_landscape=\"1\" data-tablet=\"1\" data-mobile=\"1\">\r\n\t\t\t<div class=\"gallery-images owl-carousel owl-items-lg-1 owl-items-md-1 owl-items-sm-1 owl-items-xs-1\">\r\n\t\t\t\t\t\t\t\t\t\t\t\t\t\t\t<div class=\"wd-gallery-item\">\r\n\t\t\t\t\t\t\t\t\t\t\t\t\t\t<a href=\"https:\/\/lojistikmerkezi.net\/wp-content\/uploads\/2024\/04\/komple-tasimacilik-gorsel.jpg\" data-elementor-open-lightbox=\"no\" data-index=\"1\" data-width=\"930\" data-height=\"1024\"  >\r\n\t\t\t\t\t\t\t\t\r\n\t\t\t\t\t\t\t\t\t\t\t\t\t\t\t\t\t<img loading=\"lazy\" decoding=\"async\" width=\"930\" height=\"1024\" src=\"https:\/\/lojistikmerkezi.net\/wp-content\/uploads\/2024\/04\/komple-tasimacilik-gorsel.jpg\" class=\"wd-gallery-image image-1 attachment-full\" alt=\"\" title=\"komple-tasimacilik-gorsel\" srcset=\"https:\/\/lojistikmerkezi.net\/wp-content\/uploads\/2024\/04\/komple-tasimacilik-gorsel.jpg 930w, https:\/\/lojistikmerkezi.net\/wp-content\/uploads\/2024\/04\/komple-tasimacilik-gorsel-272x300.jpg 272w, https:\/\/lojistikmerkezi.net\/wp-content\/uploads\/2024\/04\/komple-tasimacilik-gorsel-768x846.jpg 768w, https:\/\/lojistikmerkezi.net\/wp-content\/uploads\/2024\/04\/komple-tasimacilik-gorsel-11x12.jpg 11w\" sizes=\"(max-width: 930px) 100vw, 930px\" \/>\t\t\t\t\t\t\t\t\r\n\r\n\t\t\t\t\t\t\t\t\t\t\t\t\t\t\t<\/a>\r\n\t\t\t\t\t\t\t\t\t\t\t\t<\/div>\r\n\t\t\t\t\t\t\t\t\t\t\t\t<\/div>\r\n\t\t<\/div>\r\n\t\t\t\t<\/div><\/div><\/div><\/div><div id=\"selected-product-row\" class=\"vc_row wpb_row vc_row-fluid vc_column-gap-20 vc_row-o-equal-height vc_row-o-content-middle vc_row-flex\"><div class=\"wpb_column vc_column_container vc_col-sm-6\"><div class=\"vc_column-inner\"><div class=\"wpb_wrapper\">\t\t<div id=\"gallery_469\" class=\"wd-images-gallery wd-justify-center wd-items-middle view-carousel photoswipe-images wd-carousel-spacing-0 wd-carousel-container\" data-owl-carousel data-wrap=\"no\" data-hide_pagination_control=\"yes\" data-hide_prev_next_buttons=\"no\" data-desktop=\"1\" data-tablet_landscape=\"1\" data-tablet=\"1\" data-mobile=\"1\">\r\n\t\t\t<div class=\"gallery-images owl-carousel owl-items-lg-1 owl-items-md-1 owl-items-sm-1 owl-items-xs-1\">\r\n\t\t\t\t\t\t\t\t\t\t\t\t\t\t\t<div class=\"wd-gallery-item\">\r\n\t\t\t\t\t\t\t\t\t\t\t\t\t\t<a href=\"https:\/\/lojistikmerkezi.net\/wp-content\/uploads\/2024\/04\/express-tasimacilik-gorsel.jpg\" data-elementor-open-lightbox=\"no\" data-index=\"1\" data-width=\"930\" data-height=\"1024\"  >\r\n\t\t\t\t\t\t\t\t\r\n\t\t\t\t\t\t\t\t\t\t\t\t\t\t\t\t\t<img loading=\"lazy\" decoding=\"async\" width=\"930\" height=\"1024\" src=\"https:\/\/lojistikmerkezi.net\/wp-content\/uploads\/2024\/04\/express-tasimacilik-gorsel.jpg\" class=\"wd-gallery-image image-1 attachment-full\" alt=\"\" title=\"express-tasimacilik-gorsel\" srcset=\"https:\/\/lojistikmerkezi.net\/wp-content\/uploads\/2024\/04\/express-tasimacilik-gorsel.jpg 930w, https:\/\/lojistikmerkezi.net\/wp-content\/uploads\/2024\/04\/express-tasimacilik-gorsel-272x300.jpg 272w, https:\/\/lojistikmerkezi.net\/wp-content\/uploads\/2024\/04\/express-tasimacilik-gorsel-768x846.jpg 768w, https:\/\/lojistikmerkezi.net\/wp-content\/uploads\/2024\/04\/express-tasimacilik-gorsel-11x12.jpg 11w\" sizes=\"(max-width: 930px) 100vw, 930px\" \/>\t\t\t\t\t\t\t\t\r\n\r\n\t\t\t\t\t\t\t\t\t\t\t\t\t\t\t<\/a>\r\n\t\t\t\t\t\t\t\t\t\t\t\t<\/div>\r\n\t\t\t\t\t\t\t\t\t\t\t\t<\/div>\r\n\t\t<\/div>\r\n\t\t\t\t<\/div><\/div><\/div><div class=\"wpb_column vc_column_container vc_col-sm-6\" id=\"text-col\"><div class=\"vc_column-inner\"><div class=\"wpb_wrapper\">\n\t<div class=\"wpb_text_column wpb_content_element\" >\n\t\t<div class=\"wpb_wrapper\">\n\t\t\t<div class=\"selected-product-container\">\n<h2><strong>Exspress<\/strong> Ta\u015f\u0131mac\u0131l\u0131k<\/h2>\n<h4>Acil teslimat gereksinimleri olan i\u015fletmeler i\u00e7in, express ta\u015f\u0131mac\u0131l\u0131k hizmetleri kritik bir \u00f6neme sahiptir. \u0130\u015fte bu noktada, ETC Lojistik&#8217;in express ta\u015f\u0131mac\u0131l\u0131k hizmetleri devreye giriyor; m\u00fc\u015fterilerine h\u0131zl\u0131 ve g\u00fcvenilir \u00e7\u00f6z\u00fcmler sunarak lojistik ihtiya\u00e7lar\u0131n\u0131 kar\u015f\u0131l\u0131yor.<\/h4>\n<p><a href=\"\/en\/express-tasimacilik\/\">Ke\u015ffet<\/a><\/p>\n<\/div>\n\n\t\t<\/div>\n\t<\/div>\n<\/div><\/div><\/div><\/div><div id=\"selected-product-row\" class=\"vc_row wpb_row vc_row-fluid vc_column-gap-20 vc_row-o-equal-height vc_row-o-content-middle vc_row-flex\"><div class=\"wpb_column vc_column_container vc_col-sm-6\" id=\"text-col\"><div class=\"vc_column-inner\"><div class=\"wpb_wrapper\">\n\t<div class=\"wpb_text_column wpb_content_element\" >\n\t\t<div class=\"wpb_wrapper\">\n\t\t\t<div class=\"selected-product-container\">\n<h2><strong>Parsiyel<\/strong> Ta\u015f\u0131mac\u0131l\u0131k<\/h2>\n<h4>G\u00fcn\u00fcm\u00fcz k\u00fcresel ekonomisinde, i\u015fletmelerin lojistik ihtiya\u00e7lar\u0131 giderek karma\u015f\u0131k hale gelmektedir. \u00d6zellikle Avrupa genelinde faaliyet g\u00f6steren \u015firketler i\u00e7in, y\u00fcklerin etkili bir \u015fekilde ta\u015f\u0131nmas\u0131 ve da\u011f\u0131t\u0131lmas\u0131 b\u00fcy\u00fck \u00f6nem ta\u015f\u0131r. \u0130\u015fte bu noktada, parsiyel ta\u015f\u0131mac\u0131l\u0131k hizmetleri devreye giriyor.<\/h4>\n<p><a href=\"\/en\/parsiyel-tasimacilik\/\">Ke\u015ffet<\/a><\/p>\n<\/div>\n\n\t\t<\/div>\n\t<\/div>\n<\/div><\/div><\/div><div class=\"wpb_column vc_column_container vc_col-sm-6\"><div class=\"vc_column-inner\"><div class=\"wpb_wrapper\">\t\t<div id=\"gallery_240\" class=\"wd-images-gallery wd-justify-center wd-items-middle view-carousel photoswipe-images wd-carousel-spacing-0 wd-carousel-container\" data-owl-carousel data-wrap=\"no\" data-hide_pagination_control=\"yes\" data-hide_prev_next_buttons=\"no\" data-desktop=\"1\" data-tablet_landscape=\"1\" data-tablet=\"1\" data-mobile=\"1\">\r\n\t\t\t<div class=\"gallery-images owl-carousel owl-items-lg-1 owl-items-md-1 owl-items-sm-1 owl-items-xs-1\">\r\n\t\t\t\t\t\t\t\t\t\t\t\t\t\t\t<div class=\"wd-gallery-item\">\r\n\t\t\t\t\t\t\t\t\t\t\t\t\t\t<a href=\"https:\/\/lojistikmerkezi.net\/wp-content\/uploads\/2024\/04\/parsiyel-tasimacilik-gorsel.jpg\" data-elementor-open-lightbox=\"no\" data-index=\"1\" data-width=\"930\" data-height=\"1024\"  >\r\n\t\t\t\t\t\t\t\t\r\n\t\t\t\t\t\t\t\t\t\t\t\t\t\t\t\t\t<img loading=\"lazy\" decoding=\"async\" width=\"930\" height=\"1024\" src=\"https:\/\/lojistikmerkezi.net\/wp-content\/uploads\/2024\/04\/parsiyel-tasimacilik-gorsel.jpg\" class=\"wd-gallery-image image-1 attachment-full\" alt=\"\" title=\"parsiyel-tasimacilik-gorsel\" srcset=\"https:\/\/lojistikmerkezi.net\/wp-content\/uploads\/2024\/04\/parsiyel-tasimacilik-gorsel.jpg 930w, https:\/\/lojistikmerkezi.net\/wp-content\/uploads\/2024\/04\/parsiyel-tasimacilik-gorsel-272x300.jpg 272w, https:\/\/lojistikmerkezi.net\/wp-content\/uploads\/2024\/04\/parsiyel-tasimacilik-gorsel-768x846.jpg 768w, https:\/\/lojistikmerkezi.net\/wp-content\/uploads\/2024\/04\/parsiyel-tasimacilik-gorsel-11x12.jpg 11w\" sizes=\"(max-width: 930px) 100vw, 930px\" \/>\t\t\t\t\t\t\t\t\r\n\r\n\t\t\t\t\t\t\t\t\t\t\t\t\t\t\t<\/a>\r\n\t\t\t\t\t\t\t\t\t\t\t\t<\/div>\r\n\t\t\t\t\t\t\t\t\t\t\t\t<\/div>\r\n\t\t<\/div>\r\n\t\t\t\t<\/div><\/div><\/div><\/div><div id=\"selected-product-row\" class=\"vc_row wpb_row vc_row-fluid vc_column-gap-20 vc_row-o-equal-height vc_row-o-content-middle vc_row-flex\"><div class=\"wpb_column vc_column_container vc_col-sm-6\"><div class=\"vc_column-inner\"><div class=\"wpb_wrapper\">\t\t<div id=\"gallery_239\" class=\"wd-images-gallery wd-justify-center wd-items-middle view-carousel photoswipe-images wd-carousel-spacing-0 wd-carousel-container\" data-owl-carousel data-wrap=\"no\" data-hide_pagination_control=\"yes\" data-hide_prev_next_buttons=\"no\" data-desktop=\"1\" data-tablet_landscape=\"1\" data-tablet=\"1\" data-mobile=\"1\">\r\n\t\t\t<div class=\"gallery-images owl-carousel owl-items-lg-1 owl-items-md-1 owl-items-sm-1 owl-items-xs-1\">\r\n\t\t\t\t\t\t\t\t\t\t\t\t\t\t\t<div class=\"wd-gallery-item\">\r\n\t\t\t\t\t\t\t\t\t\t\t\t\t\t<a href=\"https:\/\/lojistikmerkezi.net\/wp-content\/uploads\/2024\/04\/depolama-hizmeti-gorsel.jpg\" data-elementor-open-lightbox=\"no\" data-index=\"1\" data-width=\"930\" data-height=\"1024\"  >\r\n\t\t\t\t\t\t\t\t\r\n\t\t\t\t\t\t\t\t\t\t\t\t\t\t\t\t\t<img loading=\"lazy\" decoding=\"async\" width=\"930\" height=\"1024\" src=\"https:\/\/lojistikmerkezi.net\/wp-content\/uploads\/2024\/04\/depolama-hizmeti-gorsel.jpg\" class=\"wd-gallery-image image-1 attachment-full\" alt=\"\" title=\"depolama-hizmeti-gorsel\" srcset=\"https:\/\/lojistikmerkezi.net\/wp-content\/uploads\/2024\/04\/depolama-hizmeti-gorsel.jpg 930w, https:\/\/lojistikmerkezi.net\/wp-content\/uploads\/2024\/04\/depolama-hizmeti-gorsel-272x300.jpg 272w, https:\/\/lojistikmerkezi.net\/wp-content\/uploads\/2024\/04\/depolama-hizmeti-gorsel-768x846.jpg 768w, https:\/\/lojistikmerkezi.net\/wp-content\/uploads\/2024\/04\/depolama-hizmeti-gorsel-11x12.jpg 11w\" sizes=\"(max-width: 930px) 100vw, 930px\" \/>\t\t\t\t\t\t\t\t\r\n\r\n\t\t\t\t\t\t\t\t\t\t\t\t\t\t\t<\/a>\r\n\t\t\t\t\t\t\t\t\t\t\t\t<\/div>\r\n\t\t\t\t\t\t\t\t\t\t\t\t<\/div>\r\n\t\t<\/div>\r\n\t\t\t\t<\/div><\/div><\/div><div class=\"wpb_column vc_column_container vc_col-sm-6\" id=\"text-col\"><div class=\"vc_column-inner\"><div class=\"wpb_wrapper\">\n\t<div class=\"wpb_text_column wpb_content_element\" >\n\t\t<div class=\"wpb_wrapper\">\n\t\t\t<div class=\"selected-product-container\">\n<h2><strong>Depolama<\/strong> Hizmeti<\/h2>\n<h4>\u00d6zellikle depolama ihtiya\u00e7lar\u0131 artan i\u015fletmeler i\u00e7in, geni\u015f ve g\u00fcvenli depolama alanlar\u0131na eri\u015fim sa\u011flamak kritik bir gerekliliktir. \u0130\u015fte bu noktada, ETC Lojistik&#8217;in 1000 m2 kapal\u0131 depolama hizmetleri devreye giriyor; m\u00fc\u015fterilerine geni\u015f ve g\u00fcvenli depolama alanlar\u0131 sunarak stok y\u00f6netimlerini kolayla\u015ft\u0131r\u0131yor.<\/h4>\n<p><a href=\"\/en\/depo-hizmeti\/\">Ke\u015ffet<\/a><\/p>\n<\/div>\n\n\t\t<\/div>\n\t<\/div>\n<\/div><\/div><\/div><\/div><div id=\"selected-product-row\" class=\"vc_row wpb_row vc_row-fluid vc_column-gap-20 vc_row-o-equal-height vc_row-o-content-middle vc_row-flex\"><div class=\"wpb_column vc_column_container vc_col-sm-6\" id=\"text-col\"><div class=\"vc_column-inner\"><div class=\"wpb_wrapper\">\n\t<div class=\"wpb_text_column wpb_content_element\" >\n\t\t<div class=\"wpb_wrapper\">\n\t\t\t<div class=\"selected-product-container\">\n<h2><strong>Denizyolu<\/strong> Ta\u015f\u0131mac\u0131l\u0131\u011f\u0131<\/h2>\n<h4>Denizyolu ta\u015f\u0131mac\u0131l\u0131\u011f\u0131, k\u00fcresel ticaretin en \u00f6nemli bile\u015fenlerinden biridir ve d\u00fcnya ekonomisindeki mallar\u0131n b\u00fcy\u00fck bir k\u0131sm\u0131n\u0131n ta\u015f\u0131nmas\u0131nda kritik bir rol oynar. \u00d6zellikle b\u00fcy\u00fck hacimli ve uzun mesafeli ta\u015f\u0131malarda tercih edilen denizyolu ta\u015f\u0131mac\u0131l\u0131\u011f\u0131, g\u00fcvenilirlik, maliyet etkinli\u011fi ve \u00e7evre dostu olmas\u0131 gibi avantajlar\u0131yla \u00f6ne \u00e7\u0131kar.<\/h4>\n<p><a href=\"\/en\/denizyolu-tasimaciligi\/\">Ke\u015ffet<\/a><\/p>\n<\/div>\n\n\t\t<\/div>\n\t<\/div>\n<\/div><\/div><\/div><div class=\"wpb_column vc_column_container vc_col-sm-6\"><div class=\"vc_column-inner\"><div class=\"wpb_wrapper\">\t\t<div id=\"gallery_270\" class=\"wd-images-gallery wd-justify-center wd-items-middle view-carousel photoswipe-images wd-carousel-spacing-0 wd-carousel-container\" data-owl-carousel data-wrap=\"no\" data-hide_pagination_control=\"yes\" data-hide_prev_next_buttons=\"no\" data-desktop=\"1\" data-tablet_landscape=\"1\" data-tablet=\"1\" data-mobile=\"1\">\r\n\t\t\t<div class=\"gallery-images owl-carousel owl-items-lg-1 owl-items-md-1 owl-items-sm-1 owl-items-xs-1\">\r\n\t\t\t\t\t\t\t\t\t\t\t\t\t\t\t<div class=\"wd-gallery-item\">\r\n\t\t\t\t\t\t\t\t\t\t\t\t\t\t<a href=\"https:\/\/lojistikmerkezi.net\/wp-content\/uploads\/2024\/04\/denizyolu-tasimaciligi-gorsel.jpg\" data-elementor-open-lightbox=\"no\" data-index=\"1\" data-width=\"930\" data-height=\"1024\"  >\r\n\t\t\t\t\t\t\t\t\r\n\t\t\t\t\t\t\t\t\t\t\t\t\t\t\t\t\t<img loading=\"lazy\" decoding=\"async\" width=\"930\" height=\"1024\" src=\"https:\/\/lojistikmerkezi.net\/wp-content\/uploads\/2024\/04\/denizyolu-tasimaciligi-gorsel.jpg\" class=\"wd-gallery-image image-1 attachment-full\" alt=\"\" title=\"denizyolu-tasimaciligi-gorsel\" srcset=\"https:\/\/lojistikmerkezi.net\/wp-content\/uploads\/2024\/04\/denizyolu-tasimaciligi-gorsel.jpg 930w, https:\/\/lojistikmerkezi.net\/wp-content\/uploads\/2024\/04\/denizyolu-tasimaciligi-gorsel-272x300.jpg 272w, https:\/\/lojistikmerkezi.net\/wp-content\/uploads\/2024\/04\/denizyolu-tasimaciligi-gorsel-768x846.jpg 768w, https:\/\/lojistikmerkezi.net\/wp-content\/uploads\/2024\/04\/denizyolu-tasimaciligi-gorsel-11x12.jpg 11w\" sizes=\"(max-width: 930px) 100vw, 930px\" \/>\t\t\t\t\t\t\t\t\r\n\r\n\t\t\t\t\t\t\t\t\t\t\t\t\t\t\t<\/a>\r\n\t\t\t\t\t\t\t\t\t\t\t\t<\/div>\r\n\t\t\t\t\t\t\t\t\t\t\t\t<\/div>\r\n\t\t<\/div>\r\n\t\t\t\t<\/div><\/div><\/div><\/div><div id=\"selected-product-row\" class=\"vc_row wpb_row vc_row-fluid vc_column-gap-20 vc_row-o-equal-height vc_row-o-content-middle vc_row-flex\"><div class=\"wpb_column vc_column_container vc_col-sm-6\"><div class=\"vc_column-inner\"><div class=\"wpb_wrapper\">\t\t<div id=\"gallery_447\" class=\"wd-images-gallery wd-justify-center wd-items-middle view-carousel photoswipe-images wd-carousel-spacing-0 wd-carousel-container\" data-owl-carousel data-wrap=\"no\" data-hide_pagination_control=\"yes\" data-hide_prev_next_buttons=\"no\" data-desktop=\"1\" data-tablet_landscape=\"1\" data-tablet=\"1\" data-mobile=\"1\">\r\n\t\t\t<div class=\"gallery-images owl-carousel owl-items-lg-1 owl-items-md-1 owl-items-sm-1 owl-items-xs-1\">\r\n\t\t\t\t\t\t\t\t\t\t\t\t\t\t\t<div class=\"wd-gallery-item\">\r\n\t\t\t\t\t\t\t\t\t\t\t\t\t\t<a href=\"https:\/\/lojistikmerkezi.net\/wp-content\/uploads\/2024\/04\/havayolu-tasimaciligi-gorsel.jpg\" data-elementor-open-lightbox=\"no\" data-index=\"1\" data-width=\"930\" data-height=\"1024\"  >\r\n\t\t\t\t\t\t\t\t\r\n\t\t\t\t\t\t\t\t\t\t\t\t\t\t\t\t\t<img loading=\"lazy\" decoding=\"async\" width=\"930\" height=\"1024\" src=\"https:\/\/lojistikmerkezi.net\/wp-content\/uploads\/2024\/04\/havayolu-tasimaciligi-gorsel.jpg\" class=\"wd-gallery-image image-1 attachment-full\" alt=\"\" title=\"havayolu-tasimaciligi-gorsel\" srcset=\"https:\/\/lojistikmerkezi.net\/wp-content\/uploads\/2024\/04\/havayolu-tasimaciligi-gorsel.jpg 930w, https:\/\/lojistikmerkezi.net\/wp-content\/uploads\/2024\/04\/havayolu-tasimaciligi-gorsel-272x300.jpg 272w, https:\/\/lojistikmerkezi.net\/wp-content\/uploads\/2024\/04\/havayolu-tasimaciligi-gorsel-768x846.jpg 768w, https:\/\/lojistikmerkezi.net\/wp-content\/uploads\/2024\/04\/havayolu-tasimaciligi-gorsel-11x12.jpg 11w\" sizes=\"(max-width: 930px) 100vw, 930px\" \/>\t\t\t\t\t\t\t\t\r\n\r\n\t\t\t\t\t\t\t\t\t\t\t\t\t\t\t<\/a>\r\n\t\t\t\t\t\t\t\t\t\t\t\t<\/div>\r\n\t\t\t\t\t\t\t\t\t\t\t\t<\/div>\r\n\t\t<\/div>\r\n\t\t\t\t<\/div><\/div><\/div><div class=\"wpb_column vc_column_container vc_col-sm-6\" id=\"text-col\"><div class=\"vc_column-inner\"><div class=\"wpb_wrapper\">\n\t<div class=\"wpb_text_column wpb_content_element\" >\n\t\t<div class=\"wpb_wrapper\">\n\t\t\t<div class=\"selected-product-container\">\n<h2><strong>Havayolu<\/strong> Ta\u015f\u0131mac\u0131l\u0131\u011f\u0131<\/h2>\n<h4>Havayolu ta\u015f\u0131mac\u0131l\u0131\u011f\u0131, g\u00fcn\u00fcm\u00fcz\u00fcn h\u0131zl\u0131 tempolu i\u015f d\u00fcnyas\u0131nda b\u00fcy\u00fck bir \u00f6neme sahiptir. \u00d6zellikle acil teslimat gereksinimleri olan i\u015fletmeler i\u00e7in, havayolu ta\u015f\u0131mac\u0131l\u0131\u011f\u0131 h\u0131zl\u0131, g\u00fcvenilir ve etkili bir \u00e7\u00f6z\u00fcm sunar.<\/h4>\n<p><a href=\"\/en\/havayolu-tasimaciligi\/\">Ke\u015ffet<\/a><\/p>\n<\/div>\n\n\t\t<\/div>\n\t<\/div>\n<\/div><\/div><\/div><\/div>\n<\/div>","protected":false},"excerpt":{"rendered":"Komple Ta\u015f\u0131mac\u0131l\u0131k \u0130\u015fletmenizin b\u00fcy\u00fck hacimli ta\u015f\u0131ma ihtiya\u00e7lar\u0131na \u00e7\u00f6z\u00fcm bulmak i\u00e7in buraday\u0131z! ETC Lojistik olarak, komple t\u0131r ta\u015f\u0131mac\u0131l\u0131\u011f\u0131 hizmetimizle, y\u00fcklerinizi g\u00fcvenle","protected":false},"author":1,"featured_media":0,"parent":0,"menu_order":0,"comment_status":"closed","ping_status":"closed","template":"","meta":{"footnotes":""},"yoast_head":"<!-- This site is optimized with the Yoast SEO plugin v23.0 - https:\/\/yoast.com\/wordpress\/plugins\/seo\/ -->\n<title>Hizmetlerimiz - Lojistik Merkezi<\/title>\n<meta name=\"robots\" content=\"index, follow, max-snippet:-1, max-image-preview:large, max-video-preview:-1\" \/>\n<link rel=\"canonical\" href=\"https:\/\/lojistikmerkezi.net\/en\/hizmetlerimiz\/\" \/>\n<meta property=\"og:locale\" content=\"en_US\" \/>\n<meta property=\"og:type\" content=\"article\" \/>\n<meta property=\"og:title\" content=\"Hizmetlerimiz - Lojistik Merkezi\" \/>\n<meta property=\"og:url\" content=\"https:\/\/lojistikmerkezi.net\/en\/hizmetlerimiz\/\" \/>\n<meta property=\"og:site_name\" content=\"Lojistik Merkezi\" \/>\n<meta property=\"article:modified_time\" content=\"2024-05-07T12:01:09+00:00\" \/>\n<meta property=\"og:image\" content=\"https:\/\/lojistikmerkezi.net\/wp-content\/uploads\/2024\/04\/lojistik-merkezi-seo-logo-1.jpg\" \/>\n\t<meta property=\"og:image:width\" content=\"1200\" \/>\n\t<meta property=\"og:image:height\" content=\"675\" \/>\n\t<meta property=\"og:image:type\" content=\"image\/jpeg\" \/>\n<meta name=\"twitter:card\" content=\"summary_large_image\" \/>\n<meta name=\"twitter:label1\" content=\"Est. reading time\" \/>\n\t<meta name=\"twitter:data1\" content=\"5 minutes\" \/>\n<script type=\"application\/ld+json\" class=\"yoast-schema-graph\">{\"@context\":\"https:\/\/schema.org\",\"@graph\":[{\"@type\":\"WebPage\",\"@id\":\"https:\/\/lojistikmerkezi.net\/hizmetlerimiz\/\",\"url\":\"https:\/\/lojistikmerkezi.net\/hizmetlerimiz\/\",\"name\":\"Hizmetlerimiz - Lojistik Merkezi\",\"isPartOf\":{\"@id\":\"https:\/\/lojistikmerkezi.net\/#website\"},\"datePublished\":\"2024-04-15T07:53:53+00:00\",\"dateModified\":\"2024-05-07T12:01:09+00:00\",\"breadcrumb\":{\"@id\":\"https:\/\/lojistikmerkezi.net\/hizmetlerimiz\/#breadcrumb\"},\"inLanguage\":\"en-US\",\"potentialAction\":[{\"@type\":\"ReadAction\",\"target\":[\"https:\/\/lojistikmerkezi.net\/hizmetlerimiz\/\"]}]},{\"@type\":\"BreadcrumbList\",\"@id\":\"https:\/\/lojistikmerkezi.net\/hizmetlerimiz\/#breadcrumb\",\"itemListElement\":[{\"@type\":\"ListItem\",\"position\":1,\"name\":\"Anasayfa\",\"item\":\"https:\/\/lojistikmerkezi.net\/\"},{\"@type\":\"ListItem\",\"position\":2,\"name\":\"Hizmetlerimiz\"}]},{\"@type\":\"WebSite\",\"@id\":\"https:\/\/lojistikmerkezi.net\/#website\",\"url\":\"https:\/\/lojistikmerkezi.net\/\",\"name\":\"Lojistik Merkezi\",\"description\":\"Kargo mu var? Lojisti\u011fini bize b\u0131rak!\",\"publisher\":{\"@id\":\"https:\/\/lojistikmerkezi.net\/#organization\"},\"alternateName\":\"Lojistik Merkezi | ETC Lojistik\",\"potentialAction\":[{\"@type\":\"SearchAction\",\"target\":{\"@type\":\"EntryPoint\",\"urlTemplate\":\"https:\/\/lojistikmerkezi.net\/?s={search_term_string}\"},\"query-input\":\"required name=search_term_string\"}],\"inLanguage\":\"en-US\"},{\"@type\":\"Organization\",\"@id\":\"https:\/\/lojistikmerkezi.net\/#organization\",\"name\":\"Lojistik Merkezi\",\"alternateName\":\"ETC Lojistik\",\"url\":\"https:\/\/lojistikmerkezi.net\/\",\"logo\":{\"@type\":\"ImageObject\",\"inLanguage\":\"en-US\",\"@id\":\"https:\/\/lojistikmerkezi.net\/#\/schema\/logo\/image\/\",\"url\":\"https:\/\/lojistikmerkezi.net\/wp-content\/uploads\/2024\/04\/lojistik-merkezi-seo-logo-2.jpg\",\"contentUrl\":\"https:\/\/lojistikmerkezi.net\/wp-content\/uploads\/2024\/04\/lojistik-merkezi-seo-logo-2.jpg\",\"width\":696,\"height\":696,\"caption\":\"Lojistik Merkezi\"},\"image\":{\"@id\":\"https:\/\/lojistikmerkezi.net\/#\/schema\/logo\/image\/\"},\"sameAs\":[\"https:\/\/www.instagram.com\/avrupaparsiyellojistik\/\"]}]}<\/script>\n<!-- \/ Yoast SEO plugin. -->","yoast_head_json":{"title":"Hizmetlerimiz - Lojistik Merkezi","robots":{"index":"index","follow":"follow","max-snippet":"max-snippet:-1","max-image-preview":"max-image-preview:large","max-video-preview":"max-video-preview:-1"},"canonical":"https:\/\/lojistikmerkezi.net\/en\/hizmetlerimiz\/","og_locale":"en_US","og_type":"article","og_title":"Hizmetlerimiz - Lojistik Merkezi","og_url":"https:\/\/lojistikmerkezi.net\/en\/hizmetlerimiz\/","og_site_name":"Lojistik Merkezi","article_modified_time":"2024-05-07T12:01:09+00:00","og_image":[{"width":1200,"height":675,"url":"https:\/\/lojistikmerkezi.net\/wp-content\/uploads\/2024\/04\/lojistik-merkezi-seo-logo-1.jpg","type":"image\/jpeg"}],"twitter_card":"summary_large_image","twitter_misc":{"Est. reading time":"5 minutes"},"schema":{"@context":"https:\/\/schema.org","@graph":[{"@type":"WebPage","@id":"https:\/\/lojistikmerkezi.net\/hizmetlerimiz\/","url":"https:\/\/lojistikmerkezi.net\/hizmetlerimiz\/","name":"Hizmetlerimiz - Lojistik Merkezi","isPartOf":{"@id":"https:\/\/lojistikmerkezi.net\/#website"},"datePublished":"2024-04-15T07:53:53+00:00","dateModified":"2024-05-07T12:01:09+00:00","breadcrumb":{"@id":"https:\/\/lojistikmerkezi.net\/hizmetlerimiz\/#breadcrumb"},"inLanguage":"en-US","potentialAction":[{"@type":"ReadAction","target":["https:\/\/lojistikmerkezi.net\/hizmetlerimiz\/"]}]},{"@type":"BreadcrumbList","@id":"https:\/\/lojistikmerkezi.net\/hizmetlerimiz\/#breadcrumb","itemListElement":[{"@type":"ListItem","position":1,"name":"Anasayfa","item":"https:\/\/lojistikmerkezi.net\/"},{"@type":"ListItem","position":2,"name":"Hizmetlerimiz"}]},{"@type":"WebSite","@id":"https:\/\/lojistikmerkezi.net\/#website","url":"https:\/\/lojistikmerkezi.net\/","name":"Lojistik Merkezi","description":"Kargo mu var? Lojisti\u011fini bize b\u0131rak!","publisher":{"@id":"https:\/\/lojistikmerkezi.net\/#organization"},"alternateName":"Lojistik Merkezi | ETC Lojistik","potentialAction":[{"@type":"SearchAction","target":{"@type":"EntryPoint","urlTemplate":"https:\/\/lojistikmerkezi.net\/?s={search_term_string}"},"query-input":"required name=search_term_string"}],"inLanguage":"en-US"},{"@type":"Organization","@id":"https:\/\/lojistikmerkezi.net\/#organization","name":"Lojistik Merkezi","alternateName":"ETC Lojistik","url":"https:\/\/lojistikmerkezi.net\/","logo":{"@type":"ImageObject","inLanguage":"en-US","@id":"https:\/\/lojistikmerkezi.net\/#\/schema\/logo\/image\/","url":"https:\/\/lojistikmerkezi.net\/wp-content\/uploads\/2024\/04\/lojistik-merkezi-seo-logo-2.jpg","contentUrl":"https:\/\/lojistikmerkezi.net\/wp-content\/uploads\/2024\/04\/lojistik-merkezi-seo-logo-2.jpg","width":696,"height":696,"caption":"Lojistik Merkezi"},"image":{"@id":"https:\/\/lojistikmerkezi.net\/#\/schema\/logo\/image\/"},"sameAs":["https:\/\/www.instagram.com\/avrupaparsiyellojistik\/"]}]}},"_links":{"self":[{"href":"https:\/\/lojistikmerkezi.net\/en\/wp-json\/wp\/v2\/pages\/41"}],"collection":[{"href":"https:\/\/lojistikmerkezi.net\/en\/wp-json\/wp\/v2\/pages"}],"about":[{"href":"https:\/\/lojistikmerkezi.net\/en\/wp-json\/wp\/v2\/types\/page"}],"author":[{"embeddable":true,"href":"https:\/\/lojistikmerkezi.net\/en\/wp-json\/wp\/v2\/users\/1"}],"replies":[{"embeddable":true,"href":"https:\/\/lojistikmerkezi.net\/en\/wp-json\/wp\/v2\/comments?post=41"}],"version-history":[{"count":28,"href":"https:\/\/lojistikmerkezi.net\/en\/wp-json\/wp\/v2\/pages\/41\/revisions"}],"predecessor-version":[{"id":315,"href":"https:\/\/lojistikmerkezi.net\/en\/wp-json\/wp\/v2\/pages\/41\/revisions\/315"}],"wp:attachment":[{"href":"https:\/\/lojistikmerkezi.net\/en\/wp-json\/wp\/v2\/media?parent=41"}],"curies":[{"name":"wp","href":"https:\/\/api.w.org\/{rel}","templated":true}]}}